{"id":77,"date":"2020-05-09T15:06:52","date_gmt":"2020-05-09T15:06:52","guid":{"rendered":"http:\/\/imagroup.net\/greenkeeperafrica\/?page_id=77"},"modified":"2025-07-03T09:59:36","modified_gmt":"2025-07-03T09:59:36","slug":"notre_histoire","status":"publish","type":"page","link":"https:\/\/greenkeeperafrica.com\/fr\/entreprise\/notre_histoire\/","title":{"rendered":"Notre histoire"},"content":{"rendered":"<div class=\"pvc_clear\"><\/div>\n<p id=\"pvc_stats_77\" class=\"pvc_stats total_only  \" data-element-id=\"77\" style=\"\"><i class=\"pvc-stats-icon small\" aria-hidden=\"true\"><svg xmlns=\"http:\/\/www.w3.org\/2000\/svg\" version=\"1.0\" viewBox=\"0 0 502 315\" preserveAspectRatio=\"xMidYMid meet\"><g transform=\"translate(0,332) scale(0.1,-0.1)\" fill=\"\" stroke=\"none\"><path d=\"M2394 3279 l-29 -30 -3 -207 c-2 -182 0 -211 15 -242 39 -76 157 -76 196 0 15 31 17 60 15 243 l-3 209 -33 29 c-26 23 -41 29 -80 29 -41 0 -53 -5 -78 -31z\"\/><path d=\"M3085 3251 c-45 -19 -58 -50 -96 -229 -47 -217 -49 -260 -13 -295 52 -53 146 -42 177 20 16 31 87 366 87 410 0 70 -86 122 -155 94z\"\/><path d=\"M1751 3234 c-13 -9 -29 -31 -37 -50 -12 -29 -10 -49 21 -204 19 -94 39 -189 45 -210 14 -50 54 -80 110 -80 34 0 48 6 76 34 21 21 34 44 34 59 0 14 -18 113 -40 219 -37 178 -43 195 -70 221 -36 32 -101 37 -139 11z\"\/><path d=\"M1163 3073 c-36 -7 -73 -59 -73 -102 0 -56 133 -378 171 -413 34 -32 83 -37 129 -13 70 36 67 87 -16 290 -86 209 -89 214 -129 231 -35 14 -42 15 -82 7z\"\/><path d=\"M3689 3066 c-15 -9 -33 -30 -42 -48 -48 -103 -147 -355 -147 -375 0 -98 131 -148 192 -74 13 15 57 108 97 206 80 196 84 226 37 273 -30 30 -99 39 -137 18z\"\/><path d=\"M583 2784 c-38 -19 -67 -74 -58 -113 9 -42 211 -354 242 -373 16 -10 45 -18 66 -18 51 0 107 52 107 100 0 39 -1 41 -124 234 -80 126 -108 162 -133 173 -41 17 -61 16 -100 -3z\"\/><path d=\"M4250 2784 c-14 -9 -74 -91 -133 -183 -95 -150 -107 -173 -107 -213 0 -55 33 -94 87 -104 67 -13 90 8 211 198 130 202 137 225 78 284 -27 27 -42 34 -72 34 -22 0 -50 -8 -64 -16z\"\/><path d=\"M2275 2693 c-553 -48 -1095 -270 -1585 -649 -135 -104 -459 -423 -483 -476 -23 -49 -22 -139 2 -186 73 -142 361 -457 571 -626 285 -228 642 -407 990 -497 242 -63 336 -73 660 -74 310 0 370 5 595 52 535 111 1045 392 1455 803 122 121 250 273 275 326 19 41 19 137 0 174 -41 79 -309 363 -465 492 -447 370 -946 591 -1479 653 -113 14 -422 18 -536 8z m395 -428 c171 -34 330 -124 456 -258 112 -119 167 -219 211 -378 27 -96 24 -300 -5 -401 -72 -255 -236 -447 -474 -557 -132 -62 -201 -76 -368 -76 -167 0 -236 14 -368 76 -213 98 -373 271 -451 485 -162 444 86 934 547 1084 153 49 292 57 452 25z m909 -232 c222 -123 408 -262 593 -441 76 -74 138 -139 138 -144 0 -16 -233 -242 -330 -319 -155 -123 -309 -223 -461 -299 l-81 -41 32 46 c18 26 49 83 70 128 143 306 141 649 -6 957 -25 52 -61 116 -79 142 l-34 47 45 -20 c26 -10 76 -36 113 -56z m-2057 25 c-40 -58 -105 -190 -130 -263 -110 -324 -59 -707 132 -981 25 -35 42 -64 37 -64 -19 0 -241 119 -326 174 -188 122 -406 314 -532 468 l-58 71 108 103 c185 178 428 349 672 473 66 33 121 60 123 61 2 0 -10 -19 -26 -42z\"\/><path d=\"M2375 1950 c-198 -44 -350 -190 -395 -379 -18 -76 -8 -221 19 -290 114 -284 457 -406 731 -260 98 52 188 154 231 260 27 69 37 214 19 290 -38 163 -166 304 -326 360 -67 23 -215 33 -279 19z\"\/><\/g><\/svg><\/i> <img loading=\"lazy\" decoding=\"async\" width=\"16\" height=\"16\" alt=\"Loading\" src=\"https:\/\/greenkeeperafrica.com\/wp-content\/plugins\/page-views-count\/ajax-loader-2x.gif\" border=0 \/><\/p>\n<div class=\"pvc_clear\"><\/div>\n<p><span class=\"no-boldy des-valeur\">GREEN KEEPER AFRICA est une entreprise b\u00e9ninoise cr\u00e9\u00e9e en 2014 par David GNONLONFOUN et Fohla MOUFTAOU. L\u2019entreprise con\u00e7oit, fabrique et commercialise des absorbants 100% organiques, destin\u00e9s aux professionnels, pour le <strong>contr\u00f4le des fuites de produits polluants<\/strong> et op\u00e8re sur le march\u00e9 local et international.<\/span><\/p>\n<div class=\"pins-container\" style=\"border-bottom: 0;\">\n<div class=\"pins pins-defi\">\n<div class=\"icon defi\"><\/div>\n<div class=\"subtitle\">D\u00e9fi<\/div>\n<\/div>\n<div class=\"text-container\">\n<p><span class=\"no-boldy des-valeur\"><span class=\"no-boldy des-valeur\">Notre d\u00e9fi \u00e9tait de <strong>trouver des solutions innovantes l\u00e0 o\u00f9 d\u2019autres voyaient des difficult\u00e9s<\/strong>. La Jacinthe d\u2019Eau, une plante invasive g\u00e9n\u00e9rant de nombreuses cons\u00e9quences n\u00e9fastes sur la population, la biodiversit\u00e9 et la qualit\u00e9 de l\u2019eau, nous a permis de relever ce d\u00e9fi. Suite \u00e0 des \u00e9tudes approfondies et de nombreux \u00e9changes nous avons d\u00e9couvert <strong>sa forte capacit\u00e9 d\u2019absorption\u00a0<\/strong>: jusqu\u2019\u00e0 <strong>12 fois son poids<\/strong>\u00a0! D\u2019o\u00f9 l\u2019id\u00e9e de la transformer en fibre absorbante pour le contr\u00f4le des fuites de produits polluants :<\/span><\/span><\/p>\n<ul>\n<li>La r\u00e9colte continue de cette plante, au lieu de son \u00e9radication, permet de diminuer son impact n\u00e9gatif et rend rentables les fili\u00e8res de transformation de cette biomasse.<\/li>\n<li>L\u2019\u00e9cologie se lie \u00e0 l\u2019\u00e9conomie et au social. D\u2019une plante trois coups !<\/li>\n<\/ul>\n<p>&nbsp;<\/p>\n<\/div>\n<\/div>\n<div class=\"pins-container\" style=\"border-bottom: 0;\">\n<div class=\"pins pins-valorisation\">\n<div class=\"icon valorisation\"><\/div>\n<div class=\"subtitle\">Valorisation<\/div>\n<\/div>\n<div class=\"text-container\">\n<p><span class=\"no-boldy des-valeur\">Aujourd\u2019hui, forts de 5 ans d\u2019exp\u00e9rience dans les proc\u00e9d\u00e9s industriels de valorisation de la Jacinthe d\u2019Eau, nous entamons une nouvelle phase de croissance de l\u2019entreprise. Cette nouvelle phase comprend, d\u2019une part la professionnalisation de la fili\u00e8re actuelle de fabrication d\u2019absorbants et de solutions de lutte contre les pollutions industrielles et d\u2019autre part le d\u00e9veloppement de nouvelles fili\u00e8res telles que la fabrication d\u2019\u00e9co-mat\u00e9riaux pour la construction, la production de biochar comme fertilisant et r\u00e9tenteur d\u2019eau pour les sols agricoles ou encore la chaudronnerie pour la fabrication de d\u00e9canteurs industriels.<br \/>\n<\/span><\/p>\n<\/div>\n<\/div>\n<div class=\"pins-container\" style=\"border-bottom: 0;\">\n<div class=\"pins pins-innovation\">\n<div class=\"icon innov\"><\/div>\n<div class=\"subtitle\">Innovation<\/div>\n<\/div>\n<div class=\"text-container\">\n<p><span class=\"no-boldy des-valeur\">Chaque jour, nous nous inspirons des cha\u00eenes de fonctionnement naturelles \u2013 le bio-mim\u00e9tisme \u2013 pour innover de mani\u00e8re efficace et proposer des solutions industrielles adapt\u00e9es aux enjeux et<br \/>\nsp\u00e9cificit\u00e9s locales. Les solutions propos\u00e9es par GREEN KEEPER AFRICA doivent \u00eatre le miroir des attentes \u00e9conomiques et environnementales de la population, ainsi que des industriels et des entreprises.<br \/>\nVoil\u00e0 pourquoi nous favorisons l\u2019intelligence collective et l\u2019innovation collaborative.<br \/>\n<\/span><\/p>\n<\/div>\n<\/div>\n<div class=\"slogan\">Nous sommes GREEN KEEPER AFRICA, experts en solutions naturelles pour les industries et les communaut\u00e9s.<\/div>\n<p>&nbsp;<\/p>\n","protected":false},"excerpt":{"rendered":"<p>GREEN KEEPER AFRICA est une entreprise b\u00e9ninoise cr\u00e9\u00e9e en 2014 par David GNONLONFOUN et Fohla MOUFTAOU. L\u2019entreprise con\u00e7oit, fabrique et commercialise des absorbants 100% organiques, destin\u00e9s aux professionnels, pour le contr\u00f4le des fuites de produits polluants et op\u00e8re sur le march\u00e9 local et international. D\u00e9fi Notre d\u00e9fi \u00e9tait de trouver des solutions innovantes l\u00e0 o\u00f9 [&hellip;]<\/p>\n","protected":false},"author":1,"featured_media":906,"parent":199,"menu_order":1,"comment_status":"closed","ping_status":"closed","template":"page-History.php","meta":{"inline_featured_image":false,"_monsterinsights_skip_tracking":false,"_monsterinsights_sitenote_active":false,"_monsterinsights_sitenote_note":"","_monsterinsights_sitenote_category":0,"footnotes":""},"class_list":["post-77","page","type-page","status-publish","has-post-thumbnail","hentry"],"yoast_head":"<!-- This site is optimized with the Yoast SEO plugin v25.1 - https:\/\/yoast.com\/wordpress\/plugins\/seo\/ -->\n<title>Notre histoire - Green Keeper Africa<\/title>\n<meta name=\"robots\" content=\"index, follow, max-snippet:-1, max-image-preview:large, max-video-preview:-1\" \/>\n<link rel=\"canonical\" href=\"https:\/\/greenkeeperafrica.com\/fr\/entreprise\/notre_histoire\/\" \/>\n<meta property=\"og:locale\" content=\"fr_FR\" \/>\n<meta property=\"og:locale:alternate\" content=\"en_EN\" \/>\n<meta property=\"og:type\" content=\"article\" \/>\n<meta property=\"og:title\" content=\"Notre histoire\" \/>\n<meta property=\"og:description\" content=\"GREEN KEEPER AFRICA est une entreprise b\u00e9ninoise cr\u00e9\u00e9e en 2014 par David GNONLONFOUN et Fohla MOUFTAOU. L\u2019entreprise con\u00e7oit, fabrique et commercialise des absorbants 100% organiques, destin\u00e9s aux professionnels, pour le contr\u00f4le des fuites de produits polluants et op\u00e8re sur le march\u00e9 local et international. D\u00e9fi Notre d\u00e9fi \u00e9tait de trouver des solutions innovantes l\u00e0 o\u00f9 [&hellip;]\" \/>\n<meta property=\"og:url\" content=\"https:\/\/greenkeeperafrica.com\/fr\/entreprise\/notre_histoire\/\" \/>\n<meta property=\"og:site_name\" content=\"Green Keeper Africa\" \/>\n<meta property=\"article:modified_time\" content=\"2025-07-03T09:59:36+00:00\" \/>\n<meta property=\"og:image\" content=\"https:\/\/greenkeeperafrica.com\/wp-content\/uploads\/2020\/08\/Notre_Histoire.jpg\" \/>\n\t<meta property=\"og:image:width\" content=\"2519\" \/>\n\t<meta property=\"og:image:height\" content=\"725\" \/>\n\t<meta property=\"og:image:type\" content=\"image\/jpeg\" \/>\n<meta name=\"twitter:label1\" content=\"Dur\u00e9e de lecture estim\u00e9e\" \/>\n\t<meta name=\"twitter:data1\" content=\"2 minutes\" \/>\n<script type=\"application\/ld+json\" class=\"yoast-schema-graph\">{\"@context\":\"https:\/\/schema.org\",\"@graph\":[{\"@type\":\"WebPage\",\"@id\":\"https:\/\/greenkeeperafrica.com\/fr\/entreprise\/notre_histoire\/\",\"url\":\"https:\/\/greenkeeperafrica.com\/fr\/entreprise\/notre_histoire\/\",\"name\":\"Notre histoire\",\"isPartOf\":{\"@id\":\"https:\/\/greenkeeperafrica.com\/#website\"},\"primaryImageOfPage\":{\"@id\":\"https:\/\/greenkeeperafrica.com\/fr\/entreprise\/notre_histoire\/#primaryimage\"},\"image\":{\"@id\":\"https:\/\/greenkeeperafrica.com\/fr\/entreprise\/notre_histoire\/#primaryimage\"},\"thumbnailUrl\":\"https:\/\/greenkeeperafrica.com\/wp-content\/uploads\/2020\/08\/Notre_Histoire.jpg\",\"datePublished\":\"2020-05-09T15:06:52+00:00\",\"dateModified\":\"2025-07-03T09:59:36+00:00\",\"breadcrumb\":{\"@id\":\"https:\/\/greenkeeperafrica.com\/fr\/entreprise\/notre_histoire\/#breadcrumb\"},\"inLanguage\":\"fr-FR\",\"potentialAction\":[{\"@type\":\"ReadAction\",\"target\":[\"https:\/\/greenkeeperafrica.com\/fr\/entreprise\/notre_histoire\/\"]}]},{\"@type\":\"ImageObject\",\"inLanguage\":\"fr-FR\",\"@id\":\"https:\/\/greenkeeperafrica.com\/fr\/entreprise\/notre_histoire\/#primaryimage\",\"url\":\"https:\/\/greenkeeperafrica.com\/wp-content\/uploads\/2020\/08\/Notre_Histoire.jpg\",\"contentUrl\":\"https:\/\/greenkeeperafrica.com\/wp-content\/uploads\/2020\/08\/Notre_Histoire.jpg\",\"width\":2519,\"height\":725,\"caption\":\"Notre_Histoire\"},{\"@type\":\"BreadcrumbList\",\"@id\":\"https:\/\/greenkeeperafrica.com\/fr\/entreprise\/notre_histoire\/#breadcrumb\",\"itemListElement\":[{\"@type\":\"ListItem\",\"position\":1,\"name\":\"Accueil\",\"item\":\"https:\/\/greenkeeperafrica.com\/\"},{\"@type\":\"ListItem\",\"position\":2,\"name\":\"The company\",\"item\":\"https:\/\/greenkeeperafrica.com\/en\/entreprise\/\"},{\"@type\":\"ListItem\",\"position\":3,\"name\":\"Notre histoire\"}]},{\"@type\":\"WebSite\",\"@id\":\"https:\/\/greenkeeperafrica.com\/#website\",\"url\":\"https:\/\/greenkeeperafrica.com\/\",\"name\":\"Green Keeper Africa\",\"description\":\"Des solutions Eco-responsables\",\"publisher\":{\"@id\":\"https:\/\/greenkeeperafrica.com\/#organization\"},\"inLanguage\":\"fr-FR\"},{\"@type\":\"Organization\",\"@id\":\"https:\/\/greenkeeperafrica.com\/#organization\",\"name\":\"Green Keeper Africa\",\"url\":\"https:\/\/greenkeeperafrica.com\/\",\"logo\":{\"@type\":\"ImageObject\",\"inLanguage\":\"fr-FR\",\"@id\":\"https:\/\/greenkeeperafrica.com\/#\/schema\/logo\/image\/\",\"url\":\"https:\/\/greenkeeperafrica.com\/wp-content\/uploads\/2020\/05\/logo.svg\",\"contentUrl\":\"https:\/\/greenkeeperafrica.com\/wp-content\/uploads\/2020\/05\/logo.svg\",\"width\":70,\"height\":38,\"caption\":\"Green Keeper Africa\"},\"image\":{\"@id\":\"https:\/\/greenkeeperafrica.com\/#\/schema\/logo\/image\/\"}}]}<\/script>\n<!-- \/ Yoast SEO plugin. -->","yoast_head_json":{"title":"Notre histoire - Green Keeper Africa","robots":{"index":"index","follow":"follow","max-snippet":"max-snippet:-1","max-image-preview":"max-image-preview:large","max-video-preview":"max-video-preview:-1"},"canonical":"https:\/\/greenkeeperafrica.com\/fr\/entreprise\/notre_histoire\/","og_locale":"fr_FR","og_type":"article","og_title":"[:fr]Notre histoire[:en]Our History[:] - Green Keeper Africa","og_description":"GREEN KEEPER AFRICA est une entreprise b\u00e9ninoise cr\u00e9\u00e9e en 2014 par David GNONLONFOUN et Fohla MOUFTAOU. L\u2019entreprise con\u00e7oit, fabrique et commercialise des absorbants 100% organiques, destin\u00e9s aux professionnels, pour le contr\u00f4le des fuites de produits polluants et op\u00e8re sur le march\u00e9 local et international. D\u00e9fi Notre d\u00e9fi \u00e9tait de trouver des solutions innovantes l\u00e0 o\u00f9 [&hellip;]","og_url":"https:\/\/greenkeeperafrica.com\/fr\/entreprise\/notre_histoire\/","og_site_name":"Green Keeper Africa","article_modified_time":"2025-07-03T09:59:36+00:00","og_image":[{"width":2519,"height":725,"url":"https:\/\/greenkeeperafrica.com\/wp-content\/uploads\/2020\/08\/Notre_Histoire.jpg","type":"image\/jpeg"}],"twitter_misc":{"Dur\u00e9e de lecture estim\u00e9e":"2 minutes"},"schema":{"@context":"https:\/\/schema.org","@graph":[{"@type":"WebPage","@id":"https:\/\/greenkeeperafrica.com\/fr\/entreprise\/notre_histoire\/","url":"https:\/\/greenkeeperafrica.com\/fr\/entreprise\/notre_histoire\/","name":"Notre histoire","isPartOf":{"@id":"https:\/\/greenkeeperafrica.com\/#website"},"primaryImageOfPage":{"@id":"https:\/\/greenkeeperafrica.com\/fr\/entreprise\/notre_histoire\/#primaryimage"},"image":{"@id":"https:\/\/greenkeeperafrica.com\/fr\/entreprise\/notre_histoire\/#primaryimage"},"thumbnailUrl":"https:\/\/greenkeeperafrica.com\/wp-content\/uploads\/2020\/08\/Notre_Histoire.jpg","datePublished":"2020-05-09T15:06:52+00:00","dateModified":"2025-07-03T09:59:36+00:00","breadcrumb":{"@id":"https:\/\/greenkeeperafrica.com\/fr\/entreprise\/notre_histoire\/#breadcrumb"},"inLanguage":"fr-FR","potentialAction":[{"@type":"ReadAction","target":["https:\/\/greenkeeperafrica.com\/fr\/entreprise\/notre_histoire\/"]}]},{"@type":"ImageObject","inLanguage":"fr-FR","@id":"https:\/\/greenkeeperafrica.com\/fr\/entreprise\/notre_histoire\/#primaryimage","url":"https:\/\/greenkeeperafrica.com\/wp-content\/uploads\/2020\/08\/Notre_Histoire.jpg","contentUrl":"https:\/\/greenkeeperafrica.com\/wp-content\/uploads\/2020\/08\/Notre_Histoire.jpg","width":2519,"height":725,"caption":"Notre_Histoire"},{"@type":"BreadcrumbList","@id":"https:\/\/greenkeeperafrica.com\/fr\/entreprise\/notre_histoire\/#breadcrumb","itemListElement":[{"@type":"ListItem","position":1,"name":"Accueil","item":"https:\/\/greenkeeperafrica.com\/"},{"@type":"ListItem","position":2,"name":"The company","item":"https:\/\/greenkeeperafrica.com\/en\/entreprise\/"},{"@type":"ListItem","position":3,"name":"Notre histoire"}]},{"@type":"WebSite","@id":"https:\/\/greenkeeperafrica.com\/#website","url":"https:\/\/greenkeeperafrica.com\/","name":"Green Keeper Africa","description":"Des solutions Eco-responsables","publisher":{"@id":"https:\/\/greenkeeperafrica.com\/#organization"},"inLanguage":"fr-FR"},{"@type":"Organization","@id":"https:\/\/greenkeeperafrica.com\/#organization","name":"Green Keeper Africa","url":"https:\/\/greenkeeperafrica.com\/","logo":{"@type":"ImageObject","inLanguage":"fr-FR","@id":"https:\/\/greenkeeperafrica.com\/#\/schema\/logo\/image\/","url":"https:\/\/greenkeeperafrica.com\/wp-content\/uploads\/2020\/05\/logo.svg","contentUrl":"https:\/\/greenkeeperafrica.com\/wp-content\/uploads\/2020\/05\/logo.svg","width":70,"height":38,"caption":"Green Keeper Africa"},"image":{"@id":"https:\/\/greenkeeperafrica.com\/#\/schema\/logo\/image\/"}}]}},"_links":{"self":[{"href":"https:\/\/greenkeeperafrica.com\/fr\/wp-json\/wp\/v2\/pages\/77","targetHints":{"allow":["GET"]}}],"collection":[{"href":"https:\/\/greenkeeperafrica.com\/fr\/wp-json\/wp\/v2\/pages"}],"about":[{"href":"https:\/\/greenkeeperafrica.com\/fr\/wp-json\/wp\/v2\/types\/page"}],"author":[{"embeddable":true,"href":"https:\/\/greenkeeperafrica.com\/fr\/wp-json\/wp\/v2\/users\/1"}],"replies":[{"embeddable":true,"href":"https:\/\/greenkeeperafrica.com\/fr\/wp-json\/wp\/v2\/comments?post=77"}],"version-history":[{"count":51,"href":"https:\/\/greenkeeperafrica.com\/fr\/wp-json\/wp\/v2\/pages\/77\/revisions"}],"predecessor-version":[{"id":2178,"href":"https:\/\/greenkeeperafrica.com\/fr\/wp-json\/wp\/v2\/pages\/77\/revisions\/2178"}],"up":[{"embeddable":true,"href":"https:\/\/greenkeeperafrica.com\/fr\/wp-json\/wp\/v2\/pages\/199"}],"wp:featuredmedia":[{"embeddable":true,"href":"https:\/\/greenkeeperafrica.com\/fr\/wp-json\/wp\/v2\/media\/906"}],"wp:attachment":[{"href":"https:\/\/greenkeeperafrica.com\/fr\/wp-json\/wp\/v2\/media?parent=77"}],"curies":[{"name":"wp","href":"https:\/\/api.w.org\/{rel}","templated":true}]}}