{"id":1966,"date":"2025-05-23T11:25:20","date_gmt":"2025-05-23T11:25:20","guid":{"rendered":"https:\/\/greenkeeperafrica.com\/fr\/?page_id=1966"},"modified":"2025-07-03T15:00:36","modified_gmt":"2025-07-03T15:00:36","slug":"nos-partenaires","status":"publish","type":"page","link":"https:\/\/greenkeeperafrica.com\/fr\/ingenierie-des-projets\/nos-partenaires\/","title":{"rendered":"Nos Partenaires"},"content":{"rendered":"<div style=\"font-size: 18px; margin-top: 40px; margin-bottom: 20px;\">\n<p>\n    Chez <strong>Green Keeper Africa<\/strong>, nous croyons \u00e0 la force de la collaboration pour faire avancer les causes environnementales et sociales.<br \/>\n    C\u2019est gr\u00e2ce \u00e0 l\u2019engagement et au soutien de nos partenaires que nous pouvons concr\u00e9tiser nos projets, d\u00e9velopper des solutions durables et renforcer l\u2019impact local.\n  <\/p>\n<p style=\"margin-top: 10px;\">\n    D\u00e9couvrez ci-dessous les organisations et institutions qui marchent \u00e0 nos c\u00f4t\u00e9s dans cette aventure.\n  <\/p>\n<\/div>\n<div style=\"text-align: center; margin: 40px 0;\">\n  <a href=\"https:\/\/greenkeeperafrica.com\/wp-content\/uploads\/2025\/07\/Presentation1.png\" target=\"_blank\"><br \/>\n    <img decoding=\"async\" src=\"https:\/\/greenkeeperafrica.com\/wp-content\/uploads\/2025\/07\/Presentation1.png\" \n         alt=\"Pr\u00e9sentation\" \n         style=\"max-width: 100%; height: auto; width: 1000px; border-radius: 8px; box-shadow: 0 6px 18px rgba(0,0,0,0.15);\" \/><br \/>\n  <\/a>\n<\/div>\n","protected":false},"excerpt":{"rendered":"<p>Chez Green Keeper Africa, nous croyons \u00e0 la force de la collaboration pour faire avancer les causes environnementales et sociales. C\u2019est gr\u00e2ce \u00e0 l\u2019engagement et au soutien de nos partenaires que nous pouvons concr\u00e9tiser nos projets, d\u00e9velopper des solutions durables et renforcer l\u2019impact local. D\u00e9couvrez ci-dessous les organisations et institutions qui marchent \u00e0 nos c\u00f4t\u00e9s [&hellip;]<\/p>\n","protected":false},"author":4,"featured_media":2198,"parent":1942,"menu_order":5,"comment_status":"closed","ping_status":"closed","template":"page-service.php","meta":{"inline_featured_image":false,"_monsterinsights_skip_tracking":false,"_monsterinsights_sitenote_active":false,"_monsterinsights_sitenote_note":"","_monsterinsights_sitenote_category":0,"footnotes":""},"class_list":["post-1966","page","type-page","status-publish","has-post-thumbnail","hentry"],"yoast_head":"<!-- This site is optimized with the Yoast SEO plugin v25.1 - https:\/\/yoast.com\/wordpress\/plugins\/seo\/ -->\n<title>Nos Partenaires - Green Keeper Africa<\/title>\n<meta name=\"robots\" content=\"index, follow, max-snippet:-1, max-image-preview:large, max-video-preview:-1\" \/>\n<link rel=\"canonical\" href=\"https:\/\/greenkeeperafrica.com\/fr\/ingenierie-des-projets\/nos-partenaires\/\" \/>\n<meta property=\"og:locale\" content=\"fr_FR\" \/>\n<meta property=\"og:locale:alternate\" content=\"en_EN\" \/>\n<meta property=\"og:type\" content=\"article\" \/>\n<meta property=\"og:title\" content=\"Nos Partenaires\" \/>\n<meta property=\"og:description\" content=\"Chez Green Keeper Africa, nous croyons \u00e0 la force de la collaboration pour faire avancer les causes environnementales et sociales. C\u2019est gr\u00e2ce \u00e0 l\u2019engagement et au soutien de nos partenaires que nous pouvons concr\u00e9tiser nos projets, d\u00e9velopper des solutions durables et renforcer l\u2019impact local. D\u00e9couvrez ci-dessous les organisations et institutions qui marchent \u00e0 nos c\u00f4t\u00e9s [&hellip;]\" \/>\n<meta property=\"og:url\" content=\"https:\/\/greenkeeperafrica.com\/fr\/ingenierie-des-projets\/nos-partenaires\/\" \/>\n<meta property=\"og:site_name\" content=\"Green Keeper Africa\" \/>\n<meta property=\"article:modified_time\" content=\"2025-07-03T15:00:36+00:00\" \/>\n<meta property=\"og:image\" content=\"https:\/\/greenkeeperafrica.com\/wp-content\/uploads\/2025\/07\/67521-upper-handshake-google-business-limb-images-gesture-scaled.webp\" \/>\n\t<meta property=\"og:image:width\" content=\"2560\" \/>\n\t<meta property=\"og:image:height\" content=\"1817\" \/>\n\t<meta property=\"og:image:type\" content=\"image\/webp\" \/>\n<meta name=\"twitter:label1\" content=\"Dur\u00e9e de lecture estim\u00e9e\" \/>\n\t<meta name=\"twitter:data1\" content=\"1 minute\" \/>\n<script type=\"application\/ld+json\" class=\"yoast-schema-graph\">{\"@context\":\"https:\/\/schema.org\",\"@graph\":[{\"@type\":\"WebPage\",\"@id\":\"https:\/\/greenkeeperafrica.com\/fr\/ingenierie-des-projets\/nos-partenaires\/\",\"url\":\"https:\/\/greenkeeperafrica.com\/fr\/ingenierie-des-projets\/nos-partenaires\/\",\"name\":\"Nos Partenaires\",\"isPartOf\":{\"@id\":\"https:\/\/greenkeeperafrica.com\/#website\"},\"primaryImageOfPage\":{\"@id\":\"https:\/\/greenkeeperafrica.com\/fr\/ingenierie-des-projets\/nos-partenaires\/#primaryimage\"},\"image\":{\"@id\":\"https:\/\/greenkeeperafrica.com\/fr\/ingenierie-des-projets\/nos-partenaires\/#primaryimage\"},\"thumbnailUrl\":\"https:\/\/greenkeeperafrica.com\/wp-content\/uploads\/2025\/07\/67521-upper-handshake-google-business-limb-images-gesture-scaled.webp\",\"datePublished\":\"2025-05-23T11:25:20+00:00\",\"dateModified\":\"2025-07-03T15:00:36+00:00\",\"breadcrumb\":{\"@id\":\"https:\/\/greenkeeperafrica.com\/fr\/ingenierie-des-projets\/nos-partenaires\/#breadcrumb\"},\"inLanguage\":\"fr-FR\",\"potentialAction\":[{\"@type\":\"ReadAction\",\"target\":[\"https:\/\/greenkeeperafrica.com\/fr\/ingenierie-des-projets\/nos-partenaires\/\"]}]},{\"@type\":\"ImageObject\",\"inLanguage\":\"fr-FR\",\"@id\":\"https:\/\/greenkeeperafrica.com\/fr\/ingenierie-des-projets\/nos-partenaires\/#primaryimage\",\"url\":\"https:\/\/greenkeeperafrica.com\/wp-content\/uploads\/2025\/07\/67521-upper-handshake-google-business-limb-images-gesture-scaled.webp\",\"contentUrl\":\"https:\/\/greenkeeperafrica.com\/wp-content\/uploads\/2025\/07\/67521-upper-handshake-google-business-limb-images-gesture-scaled.webp\",\"width\":2560,\"height\":1817},{\"@type\":\"BreadcrumbList\",\"@id\":\"https:\/\/greenkeeperafrica.com\/fr\/ingenierie-des-projets\/nos-partenaires\/#breadcrumb\",\"itemListElement\":[{\"@type\":\"ListItem\",\"position\":1,\"name\":\"Accueil\",\"item\":\"https:\/\/greenkeeperafrica.com\/\"},{\"@type\":\"ListItem\",\"position\":2,\"name\":\"INGENIERIE DES PROJETS\",\"item\":\"https:\/\/greenkeeperafrica.com\/fr\/ingenierie-des-projets\/\"},{\"@type\":\"ListItem\",\"position\":3,\"name\":\"Nos Partenaires\"}]},{\"@type\":\"WebSite\",\"@id\":\"https:\/\/greenkeeperafrica.com\/#website\",\"url\":\"https:\/\/greenkeeperafrica.com\/\",\"name\":\"Green Keeper Africa\",\"description\":\"Des solutions Eco-responsables\",\"publisher\":{\"@id\":\"https:\/\/greenkeeperafrica.com\/#organization\"},\"inLanguage\":\"fr-FR\"},{\"@type\":\"Organization\",\"@id\":\"https:\/\/greenkeeperafrica.com\/#organization\",\"name\":\"Green Keeper Africa\",\"url\":\"https:\/\/greenkeeperafrica.com\/\",\"logo\":{\"@type\":\"ImageObject\",\"inLanguage\":\"fr-FR\",\"@id\":\"https:\/\/greenkeeperafrica.com\/#\/schema\/logo\/image\/\",\"url\":\"https:\/\/greenkeeperafrica.com\/wp-content\/uploads\/2020\/05\/logo.svg\",\"contentUrl\":\"https:\/\/greenkeeperafrica.com\/wp-content\/uploads\/2020\/05\/logo.svg\",\"width\":70,\"height\":38,\"caption\":\"Green Keeper Africa\"},\"image\":{\"@id\":\"https:\/\/greenkeeperafrica.com\/#\/schema\/logo\/image\/\"}}]}<\/script>\n<!-- \/ Yoast SEO plugin. -->","yoast_head_json":{"title":"Nos Partenaires - Green Keeper Africa","robots":{"index":"index","follow":"follow","max-snippet":"max-snippet:-1","max-image-preview":"max-image-preview:large","max-video-preview":"max-video-preview:-1"},"canonical":"https:\/\/greenkeeperafrica.com\/fr\/ingenierie-des-projets\/nos-partenaires\/","og_locale":"fr_FR","og_type":"article","og_title":"[:fr]Nos Partenaires[:] - Green Keeper Africa","og_description":"Chez Green Keeper Africa, nous croyons \u00e0 la force de la collaboration pour faire avancer les causes environnementales et sociales. C\u2019est gr\u00e2ce \u00e0 l\u2019engagement et au soutien de nos partenaires que nous pouvons concr\u00e9tiser nos projets, d\u00e9velopper des solutions durables et renforcer l\u2019impact local. D\u00e9couvrez ci-dessous les organisations et institutions qui marchent \u00e0 nos c\u00f4t\u00e9s [&hellip;]","og_url":"https:\/\/greenkeeperafrica.com\/fr\/ingenierie-des-projets\/nos-partenaires\/","og_site_name":"Green Keeper Africa","article_modified_time":"2025-07-03T15:00:36+00:00","og_image":[{"width":2560,"height":1817,"url":"https:\/\/greenkeeperafrica.com\/wp-content\/uploads\/2025\/07\/67521-upper-handshake-google-business-limb-images-gesture-scaled.webp","type":"image\/webp"}],"twitter_misc":{"Dur\u00e9e de lecture estim\u00e9e":"1 minute"},"schema":{"@context":"https:\/\/schema.org","@graph":[{"@type":"WebPage","@id":"https:\/\/greenkeeperafrica.com\/fr\/ingenierie-des-projets\/nos-partenaires\/","url":"https:\/\/greenkeeperafrica.com\/fr\/ingenierie-des-projets\/nos-partenaires\/","name":"Nos Partenaires","isPartOf":{"@id":"https:\/\/greenkeeperafrica.com\/#website"},"primaryImageOfPage":{"@id":"https:\/\/greenkeeperafrica.com\/fr\/ingenierie-des-projets\/nos-partenaires\/#primaryimage"},"image":{"@id":"https:\/\/greenkeeperafrica.com\/fr\/ingenierie-des-projets\/nos-partenaires\/#primaryimage"},"thumbnailUrl":"https:\/\/greenkeeperafrica.com\/wp-content\/uploads\/2025\/07\/67521-upper-handshake-google-business-limb-images-gesture-scaled.webp","datePublished":"2025-05-23T11:25:20+00:00","dateModified":"2025-07-03T15:00:36+00:00","breadcrumb":{"@id":"https:\/\/greenkeeperafrica.com\/fr\/ingenierie-des-projets\/nos-partenaires\/#breadcrumb"},"inLanguage":"fr-FR","potentialAction":[{"@type":"ReadAction","target":["https:\/\/greenkeeperafrica.com\/fr\/ingenierie-des-projets\/nos-partenaires\/"]}]},{"@type":"ImageObject","inLanguage":"fr-FR","@id":"https:\/\/greenkeeperafrica.com\/fr\/ingenierie-des-projets\/nos-partenaires\/#primaryimage","url":"https:\/\/greenkeeperafrica.com\/wp-content\/uploads\/2025\/07\/67521-upper-handshake-google-business-limb-images-gesture-scaled.webp","contentUrl":"https:\/\/greenkeeperafrica.com\/wp-content\/uploads\/2025\/07\/67521-upper-handshake-google-business-limb-images-gesture-scaled.webp","width":2560,"height":1817},{"@type":"BreadcrumbList","@id":"https:\/\/greenkeeperafrica.com\/fr\/ingenierie-des-projets\/nos-partenaires\/#breadcrumb","itemListElement":[{"@type":"ListItem","position":1,"name":"Accueil","item":"https:\/\/greenkeeperafrica.com\/"},{"@type":"ListItem","position":2,"name":"INGENIERIE DES PROJETS","item":"https:\/\/greenkeeperafrica.com\/fr\/ingenierie-des-projets\/"},{"@type":"ListItem","position":3,"name":"Nos Partenaires"}]},{"@type":"WebSite","@id":"https:\/\/greenkeeperafrica.com\/#website","url":"https:\/\/greenkeeperafrica.com\/","name":"Green Keeper Africa","description":"Des solutions Eco-responsables","publisher":{"@id":"https:\/\/greenkeeperafrica.com\/#organization"},"inLanguage":"fr-FR"},{"@type":"Organization","@id":"https:\/\/greenkeeperafrica.com\/#organization","name":"Green Keeper Africa","url":"https:\/\/greenkeeperafrica.com\/","logo":{"@type":"ImageObject","inLanguage":"fr-FR","@id":"https:\/\/greenkeeperafrica.com\/#\/schema\/logo\/image\/","url":"https:\/\/greenkeeperafrica.com\/wp-content\/uploads\/2020\/05\/logo.svg","contentUrl":"https:\/\/greenkeeperafrica.com\/wp-content\/uploads\/2020\/05\/logo.svg","width":70,"height":38,"caption":"Green Keeper Africa"},"image":{"@id":"https:\/\/greenkeeperafrica.com\/#\/schema\/logo\/image\/"}}]}},"_links":{"self":[{"href":"https:\/\/greenkeeperafrica.com\/fr\/wp-json\/wp\/v2\/pages\/1966","targetHints":{"allow":["GET"]}}],"collection":[{"href":"https:\/\/greenkeeperafrica.com\/fr\/wp-json\/wp\/v2\/pages"}],"about":[{"href":"https:\/\/greenkeeperafrica.com\/fr\/wp-json\/wp\/v2\/types\/page"}],"author":[{"embeddable":true,"href":"https:\/\/greenkeeperafrica.com\/fr\/wp-json\/wp\/v2\/users\/4"}],"replies":[{"embeddable":true,"href":"https:\/\/greenkeeperafrica.com\/fr\/wp-json\/wp\/v2\/comments?post=1966"}],"version-history":[{"count":5,"href":"https:\/\/greenkeeperafrica.com\/fr\/wp-json\/wp\/v2\/pages\/1966\/revisions"}],"predecessor-version":[{"id":2193,"href":"https:\/\/greenkeeperafrica.com\/fr\/wp-json\/wp\/v2\/pages\/1966\/revisions\/2193"}],"up":[{"embeddable":true,"href":"https:\/\/greenkeeperafrica.com\/fr\/wp-json\/wp\/v2\/pages\/1942"}],"wp:featuredmedia":[{"embeddable":true,"href":"https:\/\/greenkeeperafrica.com\/fr\/wp-json\/wp\/v2\/media\/2198"}],"wp:attachment":[{"href":"https:\/\/greenkeeperafrica.com\/fr\/wp-json\/wp\/v2\/media?parent=1966"}],"curies":[{"name":"wp","href":"https:\/\/api.w.org\/{rel}","templated":true}]}}