{"id":1964,"date":"2025-05-23T11:25:20","date_gmt":"2025-05-23T11:25:20","guid":{"rendered":"https:\/\/greenkeeperafrica.com\/fr\/?page_id=1964"},"modified":"2025-07-11T13:04:55","modified_gmt":"2025-07-11T13:04:55","slug":"projets-realises","status":"publish","type":"page","link":"https:\/\/greenkeeperafrica.com\/fr\/ingenierie-des-projets\/projets-realises\/","title":{"rendered":"Projets R\u00e9alis\u00e9s"},"content":{"rendered":"<h3><strong>1. Projet Nouvelle Vall\u00e9e au Pays W\u00e9m\u00e8 (NVW-GIR) financier par l&rsquo;Ambassade des Pays-Bas\/(SNV)<\/strong><\/h3>\n<p><strong>Th\u00e9matique<\/strong> : Gestion int\u00e9gr\u00e9e des ressources en eau (GIRE)<br \/>\n<strong>Zones d\u2019intervention<\/strong> : Aguegues, Dangbo, Adjohoun, Bonou<\/p>\n<p><strong>Objectifs :<\/strong><\/p>\n<ul>\n<li>Renforcer la r\u00e9silience face au changement climatique<\/li>\n<li>Valoriser les services \u00e9cosyst\u00e9miques li\u00e9s \u00e0 l\u2019eau<\/li>\n<li>Proposer des alternatives \u00e9conomiques durables<\/li>\n<\/ul>\n<p><strong>R\u00e9sultats :<\/strong><\/p>\n<div style=\"display: flex; justify-content: space-between; gap: 20px; flex-wrap: wrap; margin: 20px 0;\">\n  <img decoding=\"async\" src=\"https:\/\/greenkeeperafrica.com\/wp-content\/uploads\/2025\/07\/20200221_152021-scaled.jpg\" \n       alt=\"R\u00e9sultat 1\" \n       style=\"width: 48%; max-width: 800px; border-radius: 6px;\"><\/p>\n<p>  <img decoding=\"async\" src=\"https:\/\/greenkeeperafrica.com\/wp-content\/uploads\/2025\/07\/20191114_130129-scaled.jpg\" \n       alt=\"R\u00e9sultat 2\" \n       style=\"width: 48%; max-width: 800px; border-radius: 6px;\">\n<\/div>\n<ul>\n<li>Plans de gestion communautaires participatifs \u00e9tablis<\/li>\n<li>\u00c9cosyst\u00e8mes locaux conserv\u00e9s et valoris\u00e9s<\/li>\n<li> La collecte et la vente de tiges de jacinthe d\u2019eau<\/li>\n<li>La fabrication et la vente de compost \u00e0 base de jacinthe d\u2019eau.<\/li>\n<\/ul>\n<h3><strong>2. Ganvi\u00e9 Laboratoire Innovant financier par l&rsquo;AFD et l&rsquo;ANPT<\/strong><\/h3>\n<p><strong>Th\u00e9matique<\/strong> : \u00c9conomie verte et \u00e9cotourisme<br \/>\n<strong>Objectif principal<\/strong> : Am\u00e9liorer les conditions de vie \u00e0 Ganvi\u00e9 en valorisant la jacinthe d\u2019eau<\/p>\n<p><strong>Actions cl\u00e9s :<\/strong><\/p>\n<ul>\n<li>D\u00e9veloppement d&rsquo;une plateforme de recherche-action<\/li>\n<li>Programme d\u2019id\u00e9ation et incubation autour de l\u2019\u00e9conomie verte<\/li>\n<li>Mise en place d\u2019un observatoire de la jacinthe d\u2019eau<\/li>\n<\/ul>\n<p><strong>R\u00e9sultats :<\/strong><\/p>\n<p><strong>Observatoire<\/strong><\/p>\n<div style=\"display: flex; justify-content: space-between; gap: 20px; flex-wrap: wrap; margin: 20px 0;\">\n  <img decoding=\"async\" src=\"https:\/\/greenkeeperafrica.com\/wp-content\/uploads\/2025\/07\/100_2563-scaled.jpg\" \n       alt=\"R\u00e9sultat 1\" \n       style=\"width: 48%; max-width: 800px; border-radius: 6px;\"><br \/>\n  <img decoding=\"async\" src=\"https:\/\/greenkeeperafrica.com\/wp-content\/uploads\/2025\/07\/100_2577-1-scaled.jpg\" \n       alt=\"R\u00e9sultat 2\" \n       style=\"width: 48%; max-width: 800px; border-radius: 6px;\">\n<\/div>\n<p><strong>Recherche, action et valorisation de la Jacinthe<\/strong><\/p>\n<div style=\"display: flex; justify-content: space-between; gap: 20px; flex-wrap: wrap; margin: 20px 0;\">\n  <img decoding=\"async\" src=\"https:\/\/greenkeeperafrica.com\/wp-content\/uploads\/2025\/07\/D75_6447-scaled.jpg\" \n       alt=\"R\u00e9sultat 2\" \n       style=\"width: 48%; max-width: 800px; border-radius: 6px;\"><br \/>\n  <img decoding=\"async\" src=\"https:\/\/greenkeeperafrica.com\/wp-content\/uploads\/2025\/07\/D75_6141-scaled.jpg\" \n       alt=\"R\u00e9sultat 2\" \n       style=\"width: 48%; max-width: 800px; border-radius: 6px;\">\n<\/div>\n<p><strong>Incubateur<\/strong><\/p>\n<div style=\"display: flex; justify-content: space-between; gap: 20px; flex-wrap: wrap; margin: 20px 0;\">\n  <img decoding=\"async\" src=\"https:\/\/greenkeeperafrica.com\/wp-content\/uploads\/2025\/07\/incubateur.jpg\" \n       alt=\"R\u00e9sultat 2\" \n       style=\"width: 48%; max-width: 800px; border-radius: 6px;\"><br \/>\n  <img decoding=\"async\" src=\"https:\/\/greenkeeperafrica.com\/wp-content\/uploads\/2025\/07\/incubater.jpg\" \n       alt=\"R\u00e9sultat 2\" \n       style=\"width: 48%; max-width: 800px; border-radius: 6px;\">\n<\/div>\n<h3><strong>3. Transformer un Fl\u00e9au en Opportunit\u00e9s<\/strong><\/h3>\n<p><strong>Objectifs :<\/strong><\/p>\n<ul>\n<li>Former les communaut\u00e9s \u00e0 la r\u00e9colte et transformation de la jacinthe<\/li>\n<li>D\u00e9ployer une cha\u00eene compl\u00e8te : de la r\u00e9colte \u00e0 la valorisation<\/li>\n<\/ul>\n<p><strong>R\u00e9sultats :<\/strong><\/p>\n<div style=\"display: flex; justify-content: space-between; gap: 20px; flex-wrap: wrap; margin: 20px 0;\">\n  <img decoding=\"async\" src=\"https:\/\/greenkeeperafrica.com\/wp-content\/uploads\/2025\/07\/Colecte.jpg\" \n       alt=\"R\u00e9sultat 1\" \n       style=\"width: 48%; max-width: 800px; border-radius: 6px;\"><\/p>\n<p>  <img decoding=\"async\" src=\"https:\/\/greenkeeperafrica.com\/wp-content\/uploads\/2025\/07\/Compost.jpg\" \n       alt=\"R\u00e9sultat 2\" \n       style=\"width: 48%; max-width: 800px; border-radius: 6px;\"><br \/>\n  <img decoding=\"async\" src=\"https:\/\/greenkeeperafrica.com\/wp-content\/uploads\/2025\/07\/D.jpg\" \n       alt=\"R\u00e9sultat 1\" \n       style=\"width: 48%; max-width: 800px; border-radius: 6px;\"><\/p>\n<p>  <img decoding=\"async\" src=\"https:\/\/greenkeeperafrica.com\/wp-content\/uploads\/2025\/07\/DGKA.jpg\" \n       alt=\"R\u00e9sultat 2\" \n       style=\"width: 48%; max-width: 800px; border-radius: 6px;\">\n<\/div>\n<h3><strong>4. \u00c9tude sur les Plantes Aquatiques Envahissantes financier par le Minist\u00e8re du cadre de vie et du d\u00e9veloppement durable\/Fond pour l\u2019environnement mondial (FEM)\/BANQUE MONDIALE (IDA) et le fond Nordique<\/strong><\/h3>\n<p><strong>Objectif principal<\/strong> : Proposer des mod\u00e8les durables de gestion et valorisation des plantes envahissantes<\/p>\n<p><strong>\u00c9tapes de l\u2019\u00e9tude :<\/strong><\/p>\n<ul>\n<li>Cartographie et inventaire des sites affect\u00e9s<\/li>\n<li>Analyse socio-\u00e9conomique et physico-chimique<\/li>\n<li>Estimation des biomasses et dynamique de prolif\u00e9ration<\/li>\n<li>Plans d\u2019action adapt\u00e9s par site<\/li>\n<\/ul>\n<p><strong>R\u00e9sultats :<\/strong><\/p>\n<div style=\"display: flex; justify-content: space-between; gap: 20px; flex-wrap: wrap; margin: 20px 0;\">\n  <img decoding=\"async\" src=\"https:\/\/greenkeeperafrica.com\/wp-content\/uploads\/2025\/07\/unnamed.jpg\" \n       alt=\"R\u00e9sultat 1\" \n       style=\"width: 48%; max-width: 800px; border-radius: 6px;\"><\/p>\n<p>  <img decoding=\"async\" src=\"https:\/\/greenkeeperafrica.com\/wp-content\/uploads\/2025\/07\/analyse.jpeg\" \n       alt=\"R\u00e9sultat 2\" \n       style=\"width: 48%; max-width: 800px; border-radius: 6px;\">\n<\/div>\n<h3><strong>5. Prot\u00e9ger et Conserver les Ressources en Eau (PCRE) financier par John For Water<\/strong><\/h3>\n<p><strong>Zones d\u2019intervention<\/strong> : Vall\u00e9es inondables du Mono et de l\u2019Ou\u00e9m\u00e9<br \/>\n<strong>Objectif g\u00e9n\u00e9ral<\/strong> : Am\u00e9liorer la r\u00e9silience des communaut\u00e9s rurales par l\u2019acc\u00e8s durable aux services \u00e9cosyst\u00e9miques li\u00e9s \u00e0 l\u2019eau<\/p>\n<p><strong>R\u00e9sultats :<\/strong><\/p>\n<div style=\"display: flex; justify-content: space-between; gap: 20px; flex-wrap: wrap; margin: 20px 0;\">\n  <img decoding=\"async\" src=\"https:\/\/greenkeeperafrica.com\/wp-content\/uploads\/2025\/07\/Renformcement.jpg\" \n       alt=\"R\u00e9sultat 1\" \n       style=\"width: 48%; max-width: 800px; border-radius: 6px;\"><\/p>\n<p>  <img decoding=\"async\" src=\"https:\/\/greenkeeperafrica.com\/wp-content\/uploads\/2025\/07\/Renfor-e1751880252324.jpg\" \n       alt=\"R\u00e9sultat 2\" \n       style=\"width: 48%; max-width: 800px; border-radius: 6px;\">\n<\/div>\n","protected":false},"excerpt":{"rendered":"<p>1. Projet Nouvelle Vall\u00e9e au Pays W\u00e9m\u00e8 (NVW-GIR) financier par l&rsquo;Ambassade des Pays-Bas\/(SNV) Th\u00e9matique : Gestion int\u00e9gr\u00e9e des ressources en eau (GIRE) Zones d\u2019intervention : Aguegues, Dangbo, Adjohoun, Bonou Objectifs : Renforcer la r\u00e9silience face au changement climatique Valoriser les services \u00e9cosyst\u00e9miques li\u00e9s \u00e0 l\u2019eau Proposer des alternatives \u00e9conomiques durables R\u00e9sultats : Plans de gestion [&hellip;]<\/p>\n","protected":false},"author":4,"featured_media":457,"parent":1942,"menu_order":3,"comment_status":"closed","ping_status":"closed","template":"page-service.php","meta":{"inline_featured_image":false,"_monsterinsights_skip_tracking":false,"_monsterinsights_sitenote_active":false,"_monsterinsights_sitenote_note":"","_monsterinsights_sitenote_category":0,"footnotes":""},"class_list":["post-1964","page","type-page","status-publish","has-post-thumbnail","hentry"],"yoast_head":"<!-- This site is optimized with the Yoast SEO plugin v25.1 - https:\/\/yoast.com\/wordpress\/plugins\/seo\/ -->\n<title>Projets R\u00e9alis\u00e9s - Green Keeper Africa<\/title>\n<meta name=\"robots\" content=\"index, follow, max-snippet:-1, max-image-preview:large, max-video-preview:-1\" \/>\n<link rel=\"canonical\" href=\"https:\/\/greenkeeperafrica.com\/fr\/ingenierie-des-projets\/projets-realises\/\" \/>\n<meta property=\"og:locale\" content=\"fr_FR\" \/>\n<meta property=\"og:locale:alternate\" content=\"en_EN\" \/>\n<meta property=\"og:type\" content=\"article\" \/>\n<meta property=\"og:title\" content=\"Projets R\u00e9alis\u00e9s\" \/>\n<meta property=\"og:description\" content=\"1. Projet Nouvelle Vall\u00e9e au Pays W\u00e9m\u00e8 (NVW-GIR) financier par l&rsquo;Ambassade des Pays-Bas\/(SNV) Th\u00e9matique : Gestion int\u00e9gr\u00e9e des ressources en eau (GIRE) Zones d\u2019intervention : Aguegues, Dangbo, Adjohoun, Bonou Objectifs : Renforcer la r\u00e9silience face au changement climatique Valoriser les services \u00e9cosyst\u00e9miques li\u00e9s \u00e0 l\u2019eau Proposer des alternatives \u00e9conomiques durables R\u00e9sultats : Plans de gestion [&hellip;]\" \/>\n<meta property=\"og:url\" content=\"https:\/\/greenkeeperafrica.com\/fr\/ingenierie-des-projets\/projets-realises\/\" \/>\n<meta property=\"og:site_name\" content=\"Green Keeper Africa\" \/>\n<meta property=\"article:modified_time\" content=\"2025-07-11T13:04:55+00:00\" \/>\n<meta property=\"og:image\" content=\"https:\/\/greenkeeperafrica.com\/wp-content\/uploads\/2020\/05\/Image10-min-1-1024x487.png\" \/>\n\t<meta property=\"og:image:width\" content=\"1024\" \/>\n\t<meta property=\"og:image:height\" content=\"487\" \/>\n\t<meta property=\"og:image:type\" content=\"image\/png\" \/>\n<meta name=\"twitter:label1\" content=\"Dur\u00e9e de lecture estim\u00e9e\" \/>\n\t<meta name=\"twitter:data1\" content=\"5 minutes\" \/>\n<script type=\"application\/ld+json\" class=\"yoast-schema-graph\">{\"@context\":\"https:\/\/schema.org\",\"@graph\":[{\"@type\":\"WebPage\",\"@id\":\"https:\/\/greenkeeperafrica.com\/fr\/ingenierie-des-projets\/projets-realises\/\",\"url\":\"https:\/\/greenkeeperafrica.com\/fr\/ingenierie-des-projets\/projets-realises\/\",\"name\":\"Projets R\u00e9alis\u00e9s\",\"isPartOf\":{\"@id\":\"https:\/\/greenkeeperafrica.com\/#website\"},\"primaryImageOfPage\":{\"@id\":\"https:\/\/greenkeeperafrica.com\/fr\/ingenierie-des-projets\/projets-realises\/#primaryimage\"},\"image\":{\"@id\":\"https:\/\/greenkeeperafrica.com\/fr\/ingenierie-des-projets\/projets-realises\/#primaryimage\"},\"thumbnailUrl\":\"https:\/\/greenkeeperafrica.com\/wp-content\/uploads\/2020\/05\/Image10-min-1.png\",\"datePublished\":\"2025-05-23T11:25:20+00:00\",\"dateModified\":\"2025-07-11T13:04:55+00:00\",\"breadcrumb\":{\"@id\":\"https:\/\/greenkeeperafrica.com\/fr\/ingenierie-des-projets\/projets-realises\/#breadcrumb\"},\"inLanguage\":\"fr-FR\",\"potentialAction\":[{\"@type\":\"ReadAction\",\"target\":[\"https:\/\/greenkeeperafrica.com\/fr\/ingenierie-des-projets\/projets-realises\/\"]}]},{\"@type\":\"ImageObject\",\"inLanguage\":\"fr-FR\",\"@id\":\"https:\/\/greenkeeperafrica.com\/fr\/ingenierie-des-projets\/projets-realises\/#primaryimage\",\"url\":\"https:\/\/greenkeeperafrica.com\/wp-content\/uploads\/2020\/05\/Image10-min-1.png\",\"contentUrl\":\"https:\/\/greenkeeperafrica.com\/wp-content\/uploads\/2020\/05\/Image10-min-1.png\",\"width\":2560,\"height\":1219},{\"@type\":\"BreadcrumbList\",\"@id\":\"https:\/\/greenkeeperafrica.com\/fr\/ingenierie-des-projets\/projets-realises\/#breadcrumb\",\"itemListElement\":[{\"@type\":\"ListItem\",\"position\":1,\"name\":\"Accueil\",\"item\":\"https:\/\/greenkeeperafrica.com\/\"},{\"@type\":\"ListItem\",\"position\":2,\"name\":\"INGENIERIE DES PROJETS\",\"item\":\"https:\/\/greenkeeperafrica.com\/fr\/ingenierie-des-projets\/\"},{\"@type\":\"ListItem\",\"position\":3,\"name\":\"Projets R\u00e9alis\u00e9s\"}]},{\"@type\":\"WebSite\",\"@id\":\"https:\/\/greenkeeperafrica.com\/#website\",\"url\":\"https:\/\/greenkeeperafrica.com\/\",\"name\":\"Green Keeper Africa\",\"description\":\"Des solutions Eco-responsables\",\"publisher\":{\"@id\":\"https:\/\/greenkeeperafrica.com\/#organization\"},\"inLanguage\":\"fr-FR\"},{\"@type\":\"Organization\",\"@id\":\"https:\/\/greenkeeperafrica.com\/#organization\",\"name\":\"Green Keeper Africa\",\"url\":\"https:\/\/greenkeeperafrica.com\/\",\"logo\":{\"@type\":\"ImageObject\",\"inLanguage\":\"fr-FR\",\"@id\":\"https:\/\/greenkeeperafrica.com\/#\/schema\/logo\/image\/\",\"url\":\"https:\/\/greenkeeperafrica.com\/wp-content\/uploads\/2020\/05\/logo.svg\",\"contentUrl\":\"https:\/\/greenkeeperafrica.com\/wp-content\/uploads\/2020\/05\/logo.svg\",\"width\":70,\"height\":38,\"caption\":\"Green Keeper Africa\"},\"image\":{\"@id\":\"https:\/\/greenkeeperafrica.com\/#\/schema\/logo\/image\/\"}}]}<\/script>\n<!-- \/ Yoast SEO plugin. -->","yoast_head_json":{"title":"Projets R\u00e9alis\u00e9s - Green Keeper Africa","robots":{"index":"index","follow":"follow","max-snippet":"max-snippet:-1","max-image-preview":"max-image-preview:large","max-video-preview":"max-video-preview:-1"},"canonical":"https:\/\/greenkeeperafrica.com\/fr\/ingenierie-des-projets\/projets-realises\/","og_locale":"fr_FR","og_type":"article","og_title":"[:fr]Projets R\u00e9alis\u00e9s[:] - Green Keeper Africa","og_description":"1. Projet Nouvelle Vall\u00e9e au Pays W\u00e9m\u00e8 (NVW-GIR) financier par l&rsquo;Ambassade des Pays-Bas\/(SNV) Th\u00e9matique : Gestion int\u00e9gr\u00e9e des ressources en eau (GIRE) Zones d\u2019intervention : Aguegues, Dangbo, Adjohoun, Bonou Objectifs : Renforcer la r\u00e9silience face au changement climatique Valoriser les services \u00e9cosyst\u00e9miques li\u00e9s \u00e0 l\u2019eau Proposer des alternatives \u00e9conomiques durables R\u00e9sultats : Plans de gestion [&hellip;]","og_url":"https:\/\/greenkeeperafrica.com\/fr\/ingenierie-des-projets\/projets-realises\/","og_site_name":"Green Keeper Africa","article_modified_time":"2025-07-11T13:04:55+00:00","og_image":[{"width":1024,"height":487,"url":"https:\/\/greenkeeperafrica.com\/wp-content\/uploads\/2020\/05\/Image10-min-1-1024x487.png","type":"image\/png"}],"twitter_misc":{"Dur\u00e9e de lecture estim\u00e9e":"5 minutes"},"schema":{"@context":"https:\/\/schema.org","@graph":[{"@type":"WebPage","@id":"https:\/\/greenkeeperafrica.com\/fr\/ingenierie-des-projets\/projets-realises\/","url":"https:\/\/greenkeeperafrica.com\/fr\/ingenierie-des-projets\/projets-realises\/","name":"Projets R\u00e9alis\u00e9s","isPartOf":{"@id":"https:\/\/greenkeeperafrica.com\/#website"},"primaryImageOfPage":{"@id":"https:\/\/greenkeeperafrica.com\/fr\/ingenierie-des-projets\/projets-realises\/#primaryimage"},"image":{"@id":"https:\/\/greenkeeperafrica.com\/fr\/ingenierie-des-projets\/projets-realises\/#primaryimage"},"thumbnailUrl":"https:\/\/greenkeeperafrica.com\/wp-content\/uploads\/2020\/05\/Image10-min-1.png","datePublished":"2025-05-23T11:25:20+00:00","dateModified":"2025-07-11T13:04:55+00:00","breadcrumb":{"@id":"https:\/\/greenkeeperafrica.com\/fr\/ingenierie-des-projets\/projets-realises\/#breadcrumb"},"inLanguage":"fr-FR","potentialAction":[{"@type":"ReadAction","target":["https:\/\/greenkeeperafrica.com\/fr\/ingenierie-des-projets\/projets-realises\/"]}]},{"@type":"ImageObject","inLanguage":"fr-FR","@id":"https:\/\/greenkeeperafrica.com\/fr\/ingenierie-des-projets\/projets-realises\/#primaryimage","url":"https:\/\/greenkeeperafrica.com\/wp-content\/uploads\/2020\/05\/Image10-min-1.png","contentUrl":"https:\/\/greenkeeperafrica.com\/wp-content\/uploads\/2020\/05\/Image10-min-1.png","width":2560,"height":1219},{"@type":"BreadcrumbList","@id":"https:\/\/greenkeeperafrica.com\/fr\/ingenierie-des-projets\/projets-realises\/#breadcrumb","itemListElement":[{"@type":"ListItem","position":1,"name":"Accueil","item":"https:\/\/greenkeeperafrica.com\/"},{"@type":"ListItem","position":2,"name":"INGENIERIE DES PROJETS","item":"https:\/\/greenkeeperafrica.com\/fr\/ingenierie-des-projets\/"},{"@type":"ListItem","position":3,"name":"Projets R\u00e9alis\u00e9s"}]},{"@type":"WebSite","@id":"https:\/\/greenkeeperafrica.com\/#website","url":"https:\/\/greenkeeperafrica.com\/","name":"Green Keeper Africa","description":"Des solutions Eco-responsables","publisher":{"@id":"https:\/\/greenkeeperafrica.com\/#organization"},"inLanguage":"fr-FR"},{"@type":"Organization","@id":"https:\/\/greenkeeperafrica.com\/#organization","name":"Green Keeper Africa","url":"https:\/\/greenkeeperafrica.com\/","logo":{"@type":"ImageObject","inLanguage":"fr-FR","@id":"https:\/\/greenkeeperafrica.com\/#\/schema\/logo\/image\/","url":"https:\/\/greenkeeperafrica.com\/wp-content\/uploads\/2020\/05\/logo.svg","contentUrl":"https:\/\/greenkeeperafrica.com\/wp-content\/uploads\/2020\/05\/logo.svg","width":70,"height":38,"caption":"Green Keeper Africa"},"image":{"@id":"https:\/\/greenkeeperafrica.com\/#\/schema\/logo\/image\/"}}]}},"_links":{"self":[{"href":"https:\/\/greenkeeperafrica.com\/fr\/wp-json\/wp\/v2\/pages\/1964","targetHints":{"allow":["GET"]}}],"collection":[{"href":"https:\/\/greenkeeperafrica.com\/fr\/wp-json\/wp\/v2\/pages"}],"about":[{"href":"https:\/\/greenkeeperafrica.com\/fr\/wp-json\/wp\/v2\/types\/page"}],"author":[{"embeddable":true,"href":"https:\/\/greenkeeperafrica.com\/fr\/wp-json\/wp\/v2\/users\/4"}],"replies":[{"embeddable":true,"href":"https:\/\/greenkeeperafrica.com\/fr\/wp-json\/wp\/v2\/comments?post=1964"}],"version-history":[{"count":33,"href":"https:\/\/greenkeeperafrica.com\/fr\/wp-json\/wp\/v2\/pages\/1964\/revisions"}],"predecessor-version":[{"id":2200,"href":"https:\/\/greenkeeperafrica.com\/fr\/wp-json\/wp\/v2\/pages\/1964\/revisions\/2200"}],"up":[{"embeddable":true,"href":"https:\/\/greenkeeperafrica.com\/fr\/wp-json\/wp\/v2\/pages\/1942"}],"wp:featuredmedia":[{"embeddable":true,"href":"https:\/\/greenkeeperafrica.com\/fr\/wp-json\/wp\/v2\/media\/457"}],"wp:attachment":[{"href":"https:\/\/greenkeeperafrica.com\/fr\/wp-json\/wp\/v2\/media?parent=1964"}],"curies":[{"name":"wp","href":"https:\/\/api.w.org\/{rel}","templated":true}]}}