{"id":1962,"date":"2025-05-23T11:25:19","date_gmt":"2025-05-23T11:25:19","guid":{"rendered":"https:\/\/greenkeeperafrica.com\/fr\/?page_id=1962"},"modified":"2025-07-03T15:07:55","modified_gmt":"2025-07-03T15:07:55","slug":"nos-engagements-2","status":"publish","type":"page","link":"https:\/\/greenkeeperafrica.com\/fr\/ingenierie-des-projets\/nos-engagements-2\/","title":{"rendered":"Nos Engagements"},"content":{"rendered":"<div class=\"pvc_clear\"><\/div>\n<p id=\"pvc_stats_1962\" class=\"pvc_stats total_only  \" data-element-id=\"1962\" style=\"\"><i class=\"pvc-stats-icon small\" aria-hidden=\"true\"><svg xmlns=\"http:\/\/www.w3.org\/2000\/svg\" version=\"1.0\" viewBox=\"0 0 502 315\" preserveAspectRatio=\"xMidYMid meet\"><g transform=\"translate(0,332) scale(0.1,-0.1)\" fill=\"\" stroke=\"none\"><path d=\"M2394 3279 l-29 -30 -3 -207 c-2 -182 0 -211 15 -242 39 -76 157 -76 196 0 15 31 17 60 15 243 l-3 209 -33 29 c-26 23 -41 29 -80 29 -41 0 -53 -5 -78 -31z\"\/><path d=\"M3085 3251 c-45 -19 -58 -50 -96 -229 -47 -217 -49 -260 -13 -295 52 -53 146 -42 177 20 16 31 87 366 87 410 0 70 -86 122 -155 94z\"\/><path d=\"M1751 3234 c-13 -9 -29 -31 -37 -50 -12 -29 -10 -49 21 -204 19 -94 39 -189 45 -210 14 -50 54 -80 110 -80 34 0 48 6 76 34 21 21 34 44 34 59 0 14 -18 113 -40 219 -37 178 -43 195 -70 221 -36 32 -101 37 -139 11z\"\/><path d=\"M1163 3073 c-36 -7 -73 -59 -73 -102 0 -56 133 -378 171 -413 34 -32 83 -37 129 -13 70 36 67 87 -16 290 -86 209 -89 214 -129 231 -35 14 -42 15 -82 7z\"\/><path d=\"M3689 3066 c-15 -9 -33 -30 -42 -48 -48 -103 -147 -355 -147 -375 0 -98 131 -148 192 -74 13 15 57 108 97 206 80 196 84 226 37 273 -30 30 -99 39 -137 18z\"\/><path d=\"M583 2784 c-38 -19 -67 -74 -58 -113 9 -42 211 -354 242 -373 16 -10 45 -18 66 -18 51 0 107 52 107 100 0 39 -1 41 -124 234 -80 126 -108 162 -133 173 -41 17 -61 16 -100 -3z\"\/><path d=\"M4250 2784 c-14 -9 -74 -91 -133 -183 -95 -150 -107 -173 -107 -213 0 -55 33 -94 87 -104 67 -13 90 8 211 198 130 202 137 225 78 284 -27 27 -42 34 -72 34 -22 0 -50 -8 -64 -16z\"\/><path d=\"M2275 2693 c-553 -48 -1095 -270 -1585 -649 -135 -104 -459 -423 -483 -476 -23 -49 -22 -139 2 -186 73 -142 361 -457 571 -626 285 -228 642 -407 990 -497 242 -63 336 -73 660 -74 310 0 370 5 595 52 535 111 1045 392 1455 803 122 121 250 273 275 326 19 41 19 137 0 174 -41 79 -309 363 -465 492 -447 370 -946 591 -1479 653 -113 14 -422 18 -536 8z m395 -428 c171 -34 330 -124 456 -258 112 -119 167 -219 211 -378 27 -96 24 -300 -5 -401 -72 -255 -236 -447 -474 -557 -132 -62 -201 -76 -368 -76 -167 0 -236 14 -368 76 -213 98 -373 271 -451 485 -162 444 86 934 547 1084 153 49 292 57 452 25z m909 -232 c222 -123 408 -262 593 -441 76 -74 138 -139 138 -144 0 -16 -233 -242 -330 -319 -155 -123 -309 -223 -461 -299 l-81 -41 32 46 c18 26 49 83 70 128 143 306 141 649 -6 957 -25 52 -61 116 -79 142 l-34 47 45 -20 c26 -10 76 -36 113 -56z m-2057 25 c-40 -58 -105 -190 -130 -263 -110 -324 -59 -707 132 -981 25 -35 42 -64 37 -64 -19 0 -241 119 -326 174 -188 122 -406 314 -532 468 l-58 71 108 103 c185 178 428 349 672 473 66 33 121 60 123 61 2 0 -10 -19 -26 -42z\"\/><path d=\"M2375 1950 c-198 -44 -350 -190 -395 -379 -18 -76 -8 -221 19 -290 114 -284 457 -406 731 -260 98 52 188 154 231 260 27 69 37 214 19 290 -38 163 -166 304 -326 360 -67 23 -215 33 -279 19z\"\/><\/g><\/svg><\/i> <img loading=\"lazy\" decoding=\"async\" width=\"16\" height=\"16\" alt=\"Loading\" src=\"https:\/\/greenkeeperafrica.com\/wp-content\/plugins\/page-views-count\/ajax-loader-2x.gif\" border=0 \/><\/p>\n<div class=\"pvc_clear\"><\/div>\n<h2>NOTRE ENGAGEMENT POUR UN ENVIRONNEMENT DURABLE ET UNE COMMUNAUTE AUTONOME<\/h2>\n<p>Chez <strong>Green Keeper Africa<\/strong>, nous croyons qu\u2019un d\u00e9veloppement durable commence par une r\u00e9ponse locale, inclusive et innovante aux d\u00e9fis environnementaux. C\u2019est pourquoi nous avons plac\u00e9 la <strong>jacinthe d\u2019eau<\/strong> au c\u0153ur de notre action.<\/p>\n<h3>Valorisation de la jacinthe d\u2019eau, fl\u00e9au devenu ressource<\/h3>\n<p><img decoding=\"async\" src=\"https:\/\/greenkeeperafrica.com\/wp-content\/uploads\/2020\/08\/Notre_Histoire.jpg\" alt=\"Valorisation de la jacinthe\" style=\"width:100%; max-width:800px; margin: 10px 0; border-radius: 6px;\"><\/p>\n<p>Invasive et nuisible lorsqu\u2019elle prolif\u00e8re, la jacinthe d\u2019eau menace la biodiversit\u00e9, emp\u00eache la navigation, et favorise la stagnation des eaux. Nous nous engageons \u00e0 la transformer en opportunit\u00e9 :<\/p>\n<ul>\n<li>En collectant et valorisant durablement cette plante \u00e0 travers des produits biosourc\u00e9s (absorbants, composts, objets artisanaux, etc.)<\/li>\n<li>En pr\u00e9servant les \u00e9cosyst\u00e8mes aquatiques et en contribuant \u00e0 la d\u00e9pollution des plans d\u2019eau<\/li>\n<\/ul>\n<h3>Autonomisation des communaut\u00e9s locales<\/h3>\n<p><img decoding=\"async\" src=\"https:\/\/greenkeeperafrica.com\/wp-content\/uploads\/2025\/07\/D.jpg\" alt=\"Autonomisation des communaut\u00e9s\" style=\"width:100%; max-width:800px; margin: 10px 0; border-radius: 6px;\"><\/p>\n<p>Notre approche est communautaire et inclusive. Nous travaillons main dans la main avec les riverains en particulier les femmes et les jeunes pour :<\/p>\n<ul>\n<li>Cr\u00e9er des emplois d\u00e9cents et stables li\u00e9s \u00e0 la r\u00e9colte et la transformation de la jacinthe<\/li>\n<li>Transmettre des savoir faire techniques et entrepreneuriaux<\/li>\n<li>Renforcer la souverainet\u00e9 \u00e9conomique des populations en valorisant les ressources locales<\/li>\n<\/ul>\n<h3>Lib\u00e9ration des routes de navigation<\/h3>\n<p><img decoding=\"async\" src=\"https:\/\/greenkeeperafrica.com\/wp-content\/uploads\/2025\/07\/C.jpg\" alt=\"Lib\u00e9ration des voies navigables\" style=\"width:100%; max-width:800px; margin: 10px 0; border-radius: 6px;\"><\/p>\n<p>La libre circulation sur les voies d\u2019eau est un droit fondamental pour les communaut\u00e9s lacustres. Nous nous engageons \u00e0 :<\/p>\n<ul>\n<li>Restaurer les axes fluviaux traditionnels encombr\u00e9s par la jacinthe d\u2019eau<\/li>\n<li>Faciliter le transport, le commerce et l\u2019acc\u00e8s aux services essentiels via les voies navigables<\/li>\n<li>Participer \u00e0 la s\u00e9curit\u00e9 hydrique et alimentaire par un meilleur acc\u00e8s aux zones de p\u00eache et d\u2019agriculture<\/li>\n<\/ul>\n<h3>Un avenir vert port\u00e9 par les communaut\u00e9s<\/h3>\n<p><img decoding=\"async\" src=\"https:\/\/greenkeeperafrica.com\/wp-content\/uploads\/2025\/07\/A.jpg\" alt=\"Avenir vert communautaire\" style=\"width:100%; max-width:800px; margin: 10px 0; border-radius: 6px;\"><\/p>\n<p>Notre mission est de b\u00e2tir un <strong>mod\u00e8le circulaire et \u00e9quitable<\/strong>, o\u00f9 la nature est prot\u00e9g\u00e9e, les communaut\u00e9s sont renforc\u00e9es, et l\u2019\u00e9conomie est repens\u00e9e autour de ressources jusque-l\u00e0 n\u00e9glig\u00e9es.<\/p>\n","protected":false},"excerpt":{"rendered":"<p>NOTRE ENGAGEMENT POUR UN ENVIRONNEMENT DURABLE ET UNE COMMUNAUTE AUTONOME Chez Green Keeper Africa, nous croyons qu\u2019un d\u00e9veloppement durable commence par une r\u00e9ponse locale, inclusive et innovante aux d\u00e9fis environnementaux. C\u2019est pourquoi nous avons plac\u00e9 la jacinthe d\u2019eau au c\u0153ur de notre action. Valorisation de la jacinthe d\u2019eau, fl\u00e9au devenu ressource Invasive et nuisible lorsqu\u2019elle [&hellip;]<\/p>\n","protected":false},"author":4,"featured_media":664,"parent":1942,"menu_order":1,"comment_status":"closed","ping_status":"closed","template":"page-service.php","meta":{"inline_featured_image":false,"_monsterinsights_skip_tracking":false,"_monsterinsights_sitenote_active":false,"_monsterinsights_sitenote_note":"","_monsterinsights_sitenote_category":0,"footnotes":""},"class_list":["post-1962","page","type-page","status-publish","has-post-thumbnail","hentry"],"yoast_head":"<!-- This site is optimized with the Yoast SEO plugin v25.1 - https:\/\/yoast.com\/wordpress\/plugins\/seo\/ -->\n<title>Nos Engagements - Green Keeper Africa<\/title>\n<meta name=\"robots\" content=\"index, follow, max-snippet:-1, max-image-preview:large, max-video-preview:-1\" \/>\n<link rel=\"canonical\" href=\"https:\/\/greenkeeperafrica.com\/fr\/ingenierie-des-projets\/nos-engagements-2\/\" \/>\n<meta property=\"og:locale\" content=\"fr_FR\" \/>\n<meta property=\"og:locale:alternate\" content=\"en_EN\" \/>\n<meta property=\"og:type\" content=\"article\" \/>\n<meta property=\"og:title\" content=\"Nos Engagements\" \/>\n<meta property=\"og:description\" content=\"NOTRE ENGAGEMENT POUR UN ENVIRONNEMENT DURABLE ET UNE COMMUNAUTE AUTONOME Chez Green Keeper Africa, nous croyons qu\u2019un d\u00e9veloppement durable commence par une r\u00e9ponse locale, inclusive et innovante aux d\u00e9fis environnementaux. C\u2019est pourquoi nous avons plac\u00e9 la jacinthe d\u2019eau au c\u0153ur de notre action. Valorisation de la jacinthe d\u2019eau, fl\u00e9au devenu ressource Invasive et nuisible lorsqu\u2019elle [&hellip;]\" \/>\n<meta property=\"og:url\" content=\"https:\/\/greenkeeperafrica.com\/fr\/ingenierie-des-projets\/nos-engagements-2\/\" \/>\n<meta property=\"og:site_name\" content=\"Green Keeper Africa\" \/>\n<meta property=\"article:modified_time\" content=\"2025-07-03T15:07:55+00:00\" \/>\n<meta property=\"og:image\" content=\"https:\/\/greenkeeperafrica.com\/wp-content\/uploads\/2020\/08\/s3.jpg\" \/>\n\t<meta property=\"og:image:width\" content=\"444\" \/>\n\t<meta property=\"og:image:height\" content=\"277\" \/>\n\t<meta property=\"og:image:type\" content=\"image\/jpeg\" \/>\n<meta name=\"twitter:label1\" content=\"Dur\u00e9e de lecture estim\u00e9e\" \/>\n\t<meta name=\"twitter:data1\" content=\"3 minutes\" \/>\n<script type=\"application\/ld+json\" class=\"yoast-schema-graph\">{\"@context\":\"https:\/\/schema.org\",\"@graph\":[{\"@type\":\"WebPage\",\"@id\":\"https:\/\/greenkeeperafrica.com\/fr\/ingenierie-des-projets\/nos-engagements-2\/\",\"url\":\"https:\/\/greenkeeperafrica.com\/fr\/ingenierie-des-projets\/nos-engagements-2\/\",\"name\":\"Nos Engagements\",\"isPartOf\":{\"@id\":\"https:\/\/greenkeeperafrica.com\/#website\"},\"primaryImageOfPage\":{\"@id\":\"https:\/\/greenkeeperafrica.com\/fr\/ingenierie-des-projets\/nos-engagements-2\/#primaryimage\"},\"image\":{\"@id\":\"https:\/\/greenkeeperafrica.com\/fr\/ingenierie-des-projets\/nos-engagements-2\/#primaryimage\"},\"thumbnailUrl\":\"https:\/\/greenkeeperafrica.com\/wp-content\/uploads\/2020\/08\/s3.jpg\",\"datePublished\":\"2025-05-23T11:25:19+00:00\",\"dateModified\":\"2025-07-03T15:07:55+00:00\",\"breadcrumb\":{\"@id\":\"https:\/\/greenkeeperafrica.com\/fr\/ingenierie-des-projets\/nos-engagements-2\/#breadcrumb\"},\"inLanguage\":\"fr-FR\",\"potentialAction\":[{\"@type\":\"ReadAction\",\"target\":[\"https:\/\/greenkeeperafrica.com\/fr\/ingenierie-des-projets\/nos-engagements-2\/\"]}]},{\"@type\":\"ImageObject\",\"inLanguage\":\"fr-FR\",\"@id\":\"https:\/\/greenkeeperafrica.com\/fr\/ingenierie-des-projets\/nos-engagements-2\/#primaryimage\",\"url\":\"https:\/\/greenkeeperafrica.com\/wp-content\/uploads\/2020\/08\/s3.jpg\",\"contentUrl\":\"https:\/\/greenkeeperafrica.com\/wp-content\/uploads\/2020\/08\/s3.jpg\",\"width\":444,\"height\":277,\"caption\":\"s3\"},{\"@type\":\"BreadcrumbList\",\"@id\":\"https:\/\/greenkeeperafrica.com\/fr\/ingenierie-des-projets\/nos-engagements-2\/#breadcrumb\",\"itemListElement\":[{\"@type\":\"ListItem\",\"position\":1,\"name\":\"Accueil\",\"item\":\"https:\/\/greenkeeperafrica.com\/\"},{\"@type\":\"ListItem\",\"position\":2,\"name\":\"INGENIERIE DES PROJETS\",\"item\":\"https:\/\/greenkeeperafrica.com\/fr\/ingenierie-des-projets\/\"},{\"@type\":\"ListItem\",\"position\":3,\"name\":\"Nos Engagements\"}]},{\"@type\":\"WebSite\",\"@id\":\"https:\/\/greenkeeperafrica.com\/#website\",\"url\":\"https:\/\/greenkeeperafrica.com\/\",\"name\":\"Green Keeper Africa\",\"description\":\"Des solutions Eco-responsables\",\"publisher\":{\"@id\":\"https:\/\/greenkeeperafrica.com\/#organization\"},\"inLanguage\":\"fr-FR\"},{\"@type\":\"Organization\",\"@id\":\"https:\/\/greenkeeperafrica.com\/#organization\",\"name\":\"Green Keeper Africa\",\"url\":\"https:\/\/greenkeeperafrica.com\/\",\"logo\":{\"@type\":\"ImageObject\",\"inLanguage\":\"fr-FR\",\"@id\":\"https:\/\/greenkeeperafrica.com\/#\/schema\/logo\/image\/\",\"url\":\"https:\/\/greenkeeperafrica.com\/wp-content\/uploads\/2020\/05\/logo.svg\",\"contentUrl\":\"https:\/\/greenkeeperafrica.com\/wp-content\/uploads\/2020\/05\/logo.svg\",\"width\":70,\"height\":38,\"caption\":\"Green Keeper Africa\"},\"image\":{\"@id\":\"https:\/\/greenkeeperafrica.com\/#\/schema\/logo\/image\/\"}}]}<\/script>\n<!-- \/ Yoast SEO plugin. -->","yoast_head_json":{"title":"Nos Engagements - Green Keeper Africa","robots":{"index":"index","follow":"follow","max-snippet":"max-snippet:-1","max-image-preview":"max-image-preview:large","max-video-preview":"max-video-preview:-1"},"canonical":"https:\/\/greenkeeperafrica.com\/fr\/ingenierie-des-projets\/nos-engagements-2\/","og_locale":"fr_FR","og_type":"article","og_title":"[:fr]Nos Engagements[:] - Green Keeper Africa","og_description":"NOTRE ENGAGEMENT POUR UN ENVIRONNEMENT DURABLE ET UNE COMMUNAUTE AUTONOME Chez Green Keeper Africa, nous croyons qu\u2019un d\u00e9veloppement durable commence par une r\u00e9ponse locale, inclusive et innovante aux d\u00e9fis environnementaux. C\u2019est pourquoi nous avons plac\u00e9 la jacinthe d\u2019eau au c\u0153ur de notre action. Valorisation de la jacinthe d\u2019eau, fl\u00e9au devenu ressource Invasive et nuisible lorsqu\u2019elle [&hellip;]","og_url":"https:\/\/greenkeeperafrica.com\/fr\/ingenierie-des-projets\/nos-engagements-2\/","og_site_name":"Green Keeper Africa","article_modified_time":"2025-07-03T15:07:55+00:00","og_image":[{"width":444,"height":277,"url":"https:\/\/greenkeeperafrica.com\/wp-content\/uploads\/2020\/08\/s3.jpg","type":"image\/jpeg"}],"twitter_misc":{"Dur\u00e9e de lecture estim\u00e9e":"3 minutes"},"schema":{"@context":"https:\/\/schema.org","@graph":[{"@type":"WebPage","@id":"https:\/\/greenkeeperafrica.com\/fr\/ingenierie-des-projets\/nos-engagements-2\/","url":"https:\/\/greenkeeperafrica.com\/fr\/ingenierie-des-projets\/nos-engagements-2\/","name":"Nos Engagements","isPartOf":{"@id":"https:\/\/greenkeeperafrica.com\/#website"},"primaryImageOfPage":{"@id":"https:\/\/greenkeeperafrica.com\/fr\/ingenierie-des-projets\/nos-engagements-2\/#primaryimage"},"image":{"@id":"https:\/\/greenkeeperafrica.com\/fr\/ingenierie-des-projets\/nos-engagements-2\/#primaryimage"},"thumbnailUrl":"https:\/\/greenkeeperafrica.com\/wp-content\/uploads\/2020\/08\/s3.jpg","datePublished":"2025-05-23T11:25:19+00:00","dateModified":"2025-07-03T15:07:55+00:00","breadcrumb":{"@id":"https:\/\/greenkeeperafrica.com\/fr\/ingenierie-des-projets\/nos-engagements-2\/#breadcrumb"},"inLanguage":"fr-FR","potentialAction":[{"@type":"ReadAction","target":["https:\/\/greenkeeperafrica.com\/fr\/ingenierie-des-projets\/nos-engagements-2\/"]}]},{"@type":"ImageObject","inLanguage":"fr-FR","@id":"https:\/\/greenkeeperafrica.com\/fr\/ingenierie-des-projets\/nos-engagements-2\/#primaryimage","url":"https:\/\/greenkeeperafrica.com\/wp-content\/uploads\/2020\/08\/s3.jpg","contentUrl":"https:\/\/greenkeeperafrica.com\/wp-content\/uploads\/2020\/08\/s3.jpg","width":444,"height":277,"caption":"s3"},{"@type":"BreadcrumbList","@id":"https:\/\/greenkeeperafrica.com\/fr\/ingenierie-des-projets\/nos-engagements-2\/#breadcrumb","itemListElement":[{"@type":"ListItem","position":1,"name":"Accueil","item":"https:\/\/greenkeeperafrica.com\/"},{"@type":"ListItem","position":2,"name":"INGENIERIE DES PROJETS","item":"https:\/\/greenkeeperafrica.com\/fr\/ingenierie-des-projets\/"},{"@type":"ListItem","position":3,"name":"Nos Engagements"}]},{"@type":"WebSite","@id":"https:\/\/greenkeeperafrica.com\/#website","url":"https:\/\/greenkeeperafrica.com\/","name":"Green Keeper Africa","description":"Des solutions Eco-responsables","publisher":{"@id":"https:\/\/greenkeeperafrica.com\/#organization"},"inLanguage":"fr-FR"},{"@type":"Organization","@id":"https:\/\/greenkeeperafrica.com\/#organization","name":"Green Keeper Africa","url":"https:\/\/greenkeeperafrica.com\/","logo":{"@type":"ImageObject","inLanguage":"fr-FR","@id":"https:\/\/greenkeeperafrica.com\/#\/schema\/logo\/image\/","url":"https:\/\/greenkeeperafrica.com\/wp-content\/uploads\/2020\/05\/logo.svg","contentUrl":"https:\/\/greenkeeperafrica.com\/wp-content\/uploads\/2020\/05\/logo.svg","width":70,"height":38,"caption":"Green Keeper Africa"},"image":{"@id":"https:\/\/greenkeeperafrica.com\/#\/schema\/logo\/image\/"}}]}},"_links":{"self":[{"href":"https:\/\/greenkeeperafrica.com\/fr\/wp-json\/wp\/v2\/pages\/1962","targetHints":{"allow":["GET"]}}],"collection":[{"href":"https:\/\/greenkeeperafrica.com\/fr\/wp-json\/wp\/v2\/pages"}],"about":[{"href":"https:\/\/greenkeeperafrica.com\/fr\/wp-json\/wp\/v2\/types\/page"}],"author":[{"embeddable":true,"href":"https:\/\/greenkeeperafrica.com\/fr\/wp-json\/wp\/v2\/users\/4"}],"replies":[{"embeddable":true,"href":"https:\/\/greenkeeperafrica.com\/fr\/wp-json\/wp\/v2\/comments?post=1962"}],"version-history":[{"count":14,"href":"https:\/\/greenkeeperafrica.com\/fr\/wp-json\/wp\/v2\/pages\/1962\/revisions"}],"predecessor-version":[{"id":1992,"href":"https:\/\/greenkeeperafrica.com\/fr\/wp-json\/wp\/v2\/pages\/1962\/revisions\/1992"}],"up":[{"embeddable":true,"href":"https:\/\/greenkeeperafrica.com\/fr\/wp-json\/wp\/v2\/pages\/1942"}],"wp:featuredmedia":[{"embeddable":true,"href":"https:\/\/greenkeeperafrica.com\/fr\/wp-json\/wp\/v2\/media\/664"}],"wp:attachment":[{"href":"https:\/\/greenkeeperafrica.com\/fr\/wp-json\/wp\/v2\/media?parent=1962"}],"curies":[{"name":"wp","href":"https:\/\/api.w.org\/{rel}","templated":true}]}}