{"id":208,"date":"2020-05-17T15:36:47","date_gmt":"2020-05-17T15:36:47","guid":{"rendered":"http:\/\/localhost\/greenkeeper\/en\/?page_id=208"},"modified":"2021-11-19T15:11:02","modified_gmt":"2021-11-19T15:11:02","slug":"a-la-decouverte-du-gksorb","status":"publish","type":"page","link":"https:\/\/greenkeeperafrica.com\/en\/entreprise\/a-la-decouverte-du-gksorb\/","title":{"rendered":"Discovering GK-SORB"},"content":{"rendered":"<div class=\"pvc_clear\"><\/div>\n<p id=\"pvc_stats_208\" class=\"pvc_stats total_only  \" data-element-id=\"208\" style=\"\"><i class=\"pvc-stats-icon small\" aria-hidden=\"true\"><svg xmlns=\"http:\/\/www.w3.org\/2000\/svg\" version=\"1.0\" viewBox=\"0 0 502 315\" preserveAspectRatio=\"xMidYMid meet\"><g transform=\"translate(0,332) scale(0.1,-0.1)\" fill=\"\" stroke=\"none\"><path d=\"M2394 3279 l-29 -30 -3 -207 c-2 -182 0 -211 15 -242 39 -76 157 -76 196 0 15 31 17 60 15 243 l-3 209 -33 29 c-26 23 -41 29 -80 29 -41 0 -53 -5 -78 -31z\"\/><path d=\"M3085 3251 c-45 -19 -58 -50 -96 -229 -47 -217 -49 -260 -13 -295 52 -53 146 -42 177 20 16 31 87 366 87 410 0 70 -86 122 -155 94z\"\/><path d=\"M1751 3234 c-13 -9 -29 -31 -37 -50 -12 -29 -10 -49 21 -204 19 -94 39 -189 45 -210 14 -50 54 -80 110 -80 34 0 48 6 76 34 21 21 34 44 34 59 0 14 -18 113 -40 219 -37 178 -43 195 -70 221 -36 32 -101 37 -139 11z\"\/><path d=\"M1163 3073 c-36 -7 -73 -59 -73 -102 0 -56 133 -378 171 -413 34 -32 83 -37 129 -13 70 36 67 87 -16 290 -86 209 -89 214 -129 231 -35 14 -42 15 -82 7z\"\/><path d=\"M3689 3066 c-15 -9 -33 -30 -42 -48 -48 -103 -147 -355 -147 -375 0 -98 131 -148 192 -74 13 15 57 108 97 206 80 196 84 226 37 273 -30 30 -99 39 -137 18z\"\/><path d=\"M583 2784 c-38 -19 -67 -74 -58 -113 9 -42 211 -354 242 -373 16 -10 45 -18 66 -18 51 0 107 52 107 100 0 39 -1 41 -124 234 -80 126 -108 162 -133 173 -41 17 -61 16 -100 -3z\"\/><path d=\"M4250 2784 c-14 -9 -74 -91 -133 -183 -95 -150 -107 -173 -107 -213 0 -55 33 -94 87 -104 67 -13 90 8 211 198 130 202 137 225 78 284 -27 27 -42 34 -72 34 -22 0 -50 -8 -64 -16z\"\/><path d=\"M2275 2693 c-553 -48 -1095 -270 -1585 -649 -135 -104 -459 -423 -483 -476 -23 -49 -22 -139 2 -186 73 -142 361 -457 571 -626 285 -228 642 -407 990 -497 242 -63 336 -73 660 -74 310 0 370 5 595 52 535 111 1045 392 1455 803 122 121 250 273 275 326 19 41 19 137 0 174 -41 79 -309 363 -465 492 -447 370 -946 591 -1479 653 -113 14 -422 18 -536 8z m395 -428 c171 -34 330 -124 456 -258 112 -119 167 -219 211 -378 27 -96 24 -300 -5 -401 -72 -255 -236 -447 -474 -557 -132 -62 -201 -76 -368 -76 -167 0 -236 14 -368 76 -213 98 -373 271 -451 485 -162 444 86 934 547 1084 153 49 292 57 452 25z m909 -232 c222 -123 408 -262 593 -441 76 -74 138 -139 138 -144 0 -16 -233 -242 -330 -319 -155 -123 -309 -223 -461 -299 l-81 -41 32 46 c18 26 49 83 70 128 143 306 141 649 -6 957 -25 52 -61 116 -79 142 l-34 47 45 -20 c26 -10 76 -36 113 -56z m-2057 25 c-40 -58 -105 -190 -130 -263 -110 -324 -59 -707 132 -981 25 -35 42 -64 37 -64 -19 0 -241 119 -326 174 -188 122 -406 314 -532 468 l-58 71 108 103 c185 178 428 349 672 473 66 33 121 60 123 61 2 0 -10 -19 -26 -42z\"\/><path d=\"M2375 1950 c-198 -44 -350 -190 -395 -379 -18 -76 -8 -221 19 -290 114 -284 457 -406 731 -260 98 52 188 154 231 260 27 69 37 214 19 290 -38 163 -166 304 -326 360 -67 23 -215 33 -279 19z\"\/><\/g><\/svg><\/i> <img loading=\"lazy\" decoding=\"async\" width=\"16\" height=\"16\" alt=\"Loading\" src=\"https:\/\/greenkeeperafrica.com\/wp-content\/plugins\/page-views-count\/ajax-loader-2x.gif\" border=0 \/><\/p>\n<div class=\"pvc_clear\"><\/div>\n<p><span style=\"font-weight: 400;\">The power of GREEN KEEPER AFRICA&#8217;s Hyacinth Fiber is extraordinary! It is a natural fiber with high performance absorption power for all types of liquids from dyes to crude oil and heavy fuel oil. Encapsulation of pollutants is rapid and high-scale. Numerous tests carried out within our laboratory have allowed us to improve the fiber\u2019s quality going from 400% in 2016 to 1700% in 2019, under certain conditions and on certain pollutants.<\/span><\/p>\n<p><span style=\"font-weight: 400;\">We have also submitted our products to an independent evaluation carried out by CEDRE, the French international reference body that certifies properties for pollution control products. GKSORB was registered in 2018 on the list of all-liquid absorbers as one of the best performing organic absorbers in its class, thanks to its 1200% certified absorption rate. Here are its characteristics:<\/span><\/p>\n<ul>\n<li style=\"font-weight: 400;\" aria-level=\"1\"><span style=\"font-weight: 400;\">GKSORB is a 100% organic absorbent<\/span><\/li>\n<li style=\"font-weight: 400;\" aria-level=\"1\"><span style=\"font-weight: 400;\">GKSORB is capable of encapsulating up to 12 times its hydrocarbon weight<\/span><\/li>\n<li style=\"font-weight: 400;\" aria-level=\"1\"><span style=\"font-weight: 400;\">GKSORB is certified by @Cedre<\/span><\/li>\n<li style=\"font-weight: 400;\" aria-level=\"1\"><span style=\"font-weight: 400;\">GKSORB has no toxicity<\/span><\/li>\n<li style=\"font-weight: 400;\" aria-level=\"1\"><span style=\"font-weight: 400;\">GKSORB helps fight invasive plants while generating social impact<\/span><\/li>\n<li style=\"font-weight: 400;\" aria-level=\"1\"><span style=\"font-weight: 400;\">GKSORB may be incinerated after use, while ensuring compliance with treated pollutant\u2019s regulations\u00a0<\/span><\/li>\n<li style=\"font-weight: 400;\" aria-level=\"1\"><span style=\"font-weight: 400;\">GKSORB is tested according to AFNOR and ASTM standards. <\/span><\/li>\n<\/ul>\n<div class=\"pins-container\" style=\"border-bottom: 0;\">\n<div class=\"pins pins-rse\">\n<div class=\"icon rse\">\u00a0<\/div>\n<div class=\"subtitle\">RSE et impacts<\/div>\n<\/div>\n<p><\/p>\n<div class=\"text-container\">\n<p><span class=\"no-boldy des-valeur\"> Au fil des ans, gr\u00e2ce \u00e0 notre exp\u00e9rience sur le terrain, nous avons su d\u00e9velopper une r\u00e9elle expertise RSE, qui nous a permis d\u2019allier harmonieusement trois volets majeurs : social, \u00e9conomique et environnemental. Cette expertise nous permet non seulement d\u2019avoir un impact durable au sein des zones dans lesquelles nous agissons, mais aussi d\u2019accompagner et de conseiller les entreprises et les industriels dans leur engagement RSE. Avec nous, soyez assur\u00e9s de la durabilit\u00e9 et de l\u2019impact positif de vos actions et de votre engagement ! <br \/>Voici les r\u00e9sultats concrets de notre travail : <\/span><\/p>\n<\/div>\n<\/div>\n<div class=\"pins-container\" style=\"border-bottom: 0;\">\n<div class=\"pins pins-impact-social\">\n<div class=\"icon imp-social\">\u00a0<\/div>\n<div class=\"subtitle\">Impact Social<\/div>\n<\/div>\n<p><\/p>\n<div class=\"text-container\">\n<p><span class=\"no-boldy des-valeur\"> Le projet d\u00e9velopp\u00e9 par GREEN KEEPER AFRICA permet \u00e0 court terme de r\u00e9duire la pauvret\u00e9 et les in\u00e9galit\u00e9s entre les genres dans les localit\u00e9s o\u00f9 les activit\u00e9s sont mises en \u0153uvre :<\/p>\n<p>\u2022 Offre d\u2019emplois directs aux femmes et jeunes <\/p>\n<p>\u2022 Acc\u00e8s \u00e0 des formations professionnelles <\/p>\n<p>\u2022 Une meilleure prise en compte du travail f\u00e9minin <\/p>\n<p>\u2022 Un meilleur acc\u00e8s aux soins notamment pour les enfants <\/p>\n<p>\u2022 Une meilleure r\u00e9silience face aux couts de la vie <\/p>\n<p>\u2022 Une plus grande scolarisation des enfants, gr\u00e2ce aux revenus engendr\u00e9s <\/p>\n<p>\u2022 Une am\u00e9lioration de l\u2019image sociale des collecteurs (en particulier des femmes) dans la communaut\u00e9 <\/p>\n<p><\/span><\/p>\n<\/div>\n<\/div>\n<div class=\"pins-container\" style=\"border-bottom: 0;\">\n<div class=\"pins pins-impact-eco\">\n<div class=\"icon imp-eco\">\u00a0<\/div>\n<div class=\"subtitle\">Impact Economique<\/div>\n<\/div>\n<p><\/p>\n<div class=\"text-container\">\n<p><span class=\"no-boldy des-valeur\"> L\u2019activit\u00e9 saisonni\u00e8re de collecte de jacinthe d\u2019eau constitue une importante source alternative de revenu pour les populations concern\u00e9es. Un des enjeux de GREEN KEEPER AFRICA \u00e9tant justement de favoriser sous diverses formes l\u2019essor d\u2019une fili\u00e8re r\u00e9mun\u00e9ratrice autour de la \u00ab valorisation de la jacinthe d\u2019eau \u00bb et de l\u2019exploitation des agro-ressources n\u00e9glig\u00e9es. A travers ces activit\u00e9s nous comptons \u00e9galement soutenir le d\u00e9veloppement de nouvelles comp\u00e9tences.<br \/>L\u2019id\u00e9e est d\u2019aider les populations \u00e0 acqu\u00e9rir les moyens de leur propre d\u00e9veloppement. L\u2019objectif est de cr\u00e9er une relation partenariale avec les habitants afin de pouvoir les accompagner dans la cr\u00e9ation de projets pouvant r\u00e9pondre \u00e0 leurs besoins sociaux et \u00e9conomiques. <br \/>Notre programme \u00ab bulles d\u2019entreprises \u00bb, un projet d\u2019encadrement et coaching par GREEN KEEPER AFRICA des micro-entreprises, va de ce sens dans le but de :<\/p>\n<p>\u2022 Permettre aux porteurs de projet de tester et d\u2019am\u00e9liorer leurs services ou produits et d\u2019\u00eatre accompagn\u00e9s dans le d\u00e9veloppement d\u2019un projet commun <\/p>\n<p>\u2022 Les soutenir gr\u00e2ce \u00e0 une m\u00e9thode d\u2019accompagnement p\u00e9dagogique <\/p>\n<p>\u2022 Les aider \u00e0 d\u00e9velopper leurs projets entrepreneurials <\/p>\n<p>\u2022 D\u00e9velopper leurs comp\u00e9tences techniques <\/p>\n<p><\/span><\/p>\n<\/div>\n<\/div>\n<div class=\"pins-container\" style=\"border-bottom: 0;\">\n<div class=\"pins pins-impact-env\">\n<div class=\"icon imp-env\">\u00a0<\/div>\n<div class=\"subtitle\" style=\"margin-right: 27px;\">Impact Environnemental<\/div>\n<\/div>\n<p><\/p>\n<div class=\"text-container\">\n<p><span class=\"no-boldy des-valeur\"> L\u2019impact environnemental est de plusieurs ordres, en amont avec la r\u00e9duction du fl\u00e9au de la jacinthe d\u2019eau et en aval avec l\u2019utilisation des produits \u00e9co-con\u00e7us, permettant aux populations et aux industries d\u2019interagir de fa\u00e7on plus harmonieuse avec leur environnement et de r\u00e9duire leurs impacts n\u00e9gatifs sur ce dernier.<\/span><\/p>\n<\/div>\n<\/div>\n","protected":false},"excerpt":{"rendered":"<p>The power of GREEN KEEPER AFRICA&#8217;s Hyacinth Fiber is extraordinary! It is a natural fiber with high performance absorption power for all types of liquids from dyes to crude oil and heavy fuel oil. Encapsulation of pollutants is rapid and high-scale. Numerous tests carried out within our laboratory have allowed us to improve the fiber\u2019s [&hellip;]<\/p>\n","protected":false},"author":1,"featured_media":1084,"parent":199,"menu_order":3,"comment_status":"closed","ping_status":"closed","template":"page-entrepriseChild.php","meta":{"inline_featured_image":false,"_monsterinsights_skip_tracking":false,"_monsterinsights_sitenote_active":false,"_monsterinsights_sitenote_note":"","_monsterinsights_sitenote_category":0,"footnotes":""},"class_list":["post-208","page","type-page","status-publish","has-post-thumbnail","hentry"],"yoast_head":"<!-- This site is optimized with the Yoast SEO plugin v25.1 - https:\/\/yoast.com\/wordpress\/plugins\/seo\/ -->\n<title>Discovering GK-SORB - Green Keeper Africa<\/title>\n<meta name=\"robots\" content=\"index, follow, max-snippet:-1, max-image-preview:large, max-video-preview:-1\" \/>\n<link rel=\"canonical\" href=\"https:\/\/greenkeeperafrica.com\/en\/entreprise\/a-la-decouverte-du-gksorb\/\" \/>\n<meta property=\"og:locale\" content=\"en_US\" \/>\n<meta property=\"og:locale:alternate\" content=\"fr_FR\" \/>\n<meta property=\"og:type\" content=\"article\" \/>\n<meta property=\"og:title\" content=\"Discovering GK-SORB\" \/>\n<meta property=\"og:description\" content=\"The power of GREEN KEEPER AFRICA&#8217;s Hyacinth Fiber is extraordinary! It is a natural fiber with high performance absorption power for all types of liquids from dyes to crude oil and heavy fuel oil. Encapsulation of pollutants is rapid and high-scale. Numerous tests carried out within our laboratory have allowed us to improve the fiber\u2019s [&hellip;]\" \/>\n<meta property=\"og:url\" content=\"https:\/\/greenkeeperafrica.com\/en\/entreprise\/a-la-decouverte-du-gksorb\/\" \/>\n<meta property=\"og:site_name\" content=\"Green Keeper Africa\" \/>\n<meta property=\"article:modified_time\" content=\"2021-11-19T15:11:02+00:00\" \/>\n<meta property=\"og:image\" content=\"https:\/\/greenkeeperafrica.com\/wp-content\/uploads\/2020\/09\/GK-sorb_new-e1599076398628.jpg\" \/>\n\t<meta property=\"og:image:width\" content=\"1213\" \/>\n\t<meta property=\"og:image:height\" content=\"352\" \/>\n\t<meta property=\"og:image:type\" content=\"image\/jpeg\" \/>\n<meta name=\"twitter:label1\" content=\"Est. reading time\" \/>\n\t<meta name=\"twitter:data1\" content=\"3 minutes\" \/>\n<script type=\"application\/ld+json\" class=\"yoast-schema-graph\">{\"@context\":\"https:\/\/schema.org\",\"@graph\":[{\"@type\":\"WebPage\",\"@id\":\"https:\/\/greenkeeperafrica.com\/en\/entreprise\/a-la-decouverte-du-gksorb\/\",\"url\":\"https:\/\/greenkeeperafrica.com\/en\/entreprise\/a-la-decouverte-du-gksorb\/\",\"name\":\"Discovering GK-SORB\",\"isPartOf\":{\"@id\":\"https:\/\/greenkeeperafrica.com\/#website\"},\"primaryImageOfPage\":{\"@id\":\"https:\/\/greenkeeperafrica.com\/en\/entreprise\/a-la-decouverte-du-gksorb\/#primaryimage\"},\"image\":{\"@id\":\"https:\/\/greenkeeperafrica.com\/en\/entreprise\/a-la-decouverte-du-gksorb\/#primaryimage\"},\"thumbnailUrl\":\"https:\/\/greenkeeperafrica.com\/wp-content\/uploads\/2020\/09\/GK-sorb_new-e1599076398628.jpg\",\"datePublished\":\"2020-05-17T15:36:47+00:00\",\"dateModified\":\"2021-11-19T15:11:02+00:00\",\"breadcrumb\":{\"@id\":\"https:\/\/greenkeeperafrica.com\/en\/entreprise\/a-la-decouverte-du-gksorb\/#breadcrumb\"},\"inLanguage\":\"en-US\",\"potentialAction\":[{\"@type\":\"ReadAction\",\"target\":[\"https:\/\/greenkeeperafrica.com\/en\/entreprise\/a-la-decouverte-du-gksorb\/\"]}]},{\"@type\":\"ImageObject\",\"inLanguage\":\"en-US\",\"@id\":\"https:\/\/greenkeeperafrica.com\/en\/entreprise\/a-la-decouverte-du-gksorb\/#primaryimage\",\"url\":\"https:\/\/greenkeeperafrica.com\/wp-content\/uploads\/2020\/09\/GK-sorb_new-e1599076398628.jpg\",\"contentUrl\":\"https:\/\/greenkeeperafrica.com\/wp-content\/uploads\/2020\/09\/GK-sorb_new-e1599076398628.jpg\",\"width\":1213,\"height\":352,\"caption\":\"GK-sorb_new\"},{\"@type\":\"BreadcrumbList\",\"@id\":\"https:\/\/greenkeeperafrica.com\/en\/entreprise\/a-la-decouverte-du-gksorb\/#breadcrumb\",\"itemListElement\":[{\"@type\":\"ListItem\",\"position\":1,\"name\":\"Accueil\",\"item\":\"https:\/\/greenkeeperafrica.com\/\"},{\"@type\":\"ListItem\",\"position\":2,\"name\":\"The company\",\"item\":\"https:\/\/greenkeeperafrica.com\/en\/entreprise\/\"},{\"@type\":\"ListItem\",\"position\":3,\"name\":\"Discovering GK-SORB\"}]},{\"@type\":\"WebSite\",\"@id\":\"https:\/\/greenkeeperafrica.com\/#website\",\"url\":\"https:\/\/greenkeeperafrica.com\/\",\"name\":\"Green Keeper Africa\",\"description\":\"Des solutions Eco-responsables\",\"publisher\":{\"@id\":\"https:\/\/greenkeeperafrica.com\/#organization\"},\"inLanguage\":\"en-US\"},{\"@type\":\"Organization\",\"@id\":\"https:\/\/greenkeeperafrica.com\/#organization\",\"name\":\"Green Keeper Africa\",\"url\":\"https:\/\/greenkeeperafrica.com\/\",\"logo\":{\"@type\":\"ImageObject\",\"inLanguage\":\"en-US\",\"@id\":\"https:\/\/greenkeeperafrica.com\/#\/schema\/logo\/image\/\",\"url\":\"https:\/\/greenkeeperafrica.com\/wp-content\/uploads\/2020\/05\/logo.svg\",\"contentUrl\":\"https:\/\/greenkeeperafrica.com\/wp-content\/uploads\/2020\/05\/logo.svg\",\"width\":70,\"height\":38,\"caption\":\"Green Keeper Africa\"},\"image\":{\"@id\":\"https:\/\/greenkeeperafrica.com\/#\/schema\/logo\/image\/\"}}]}<\/script>\n<!-- \/ Yoast SEO plugin. -->","yoast_head_json":{"title":"Discovering GK-SORB - Green Keeper Africa","robots":{"index":"index","follow":"follow","max-snippet":"max-snippet:-1","max-image-preview":"max-image-preview:large","max-video-preview":"max-video-preview:-1"},"canonical":"https:\/\/greenkeeperafrica.com\/en\/entreprise\/a-la-decouverte-du-gksorb\/","og_locale":"en_US","og_type":"article","og_title":"[:fr]A la d\u00e9couverte du gksorb[:en]Discovering GK-SORB[:] - Green Keeper Africa","og_description":"The power of GREEN KEEPER AFRICA&#8217;s Hyacinth Fiber is extraordinary! It is a natural fiber with high performance absorption power for all types of liquids from dyes to crude oil and heavy fuel oil. Encapsulation of pollutants is rapid and high-scale. Numerous tests carried out within our laboratory have allowed us to improve the fiber\u2019s [&hellip;]","og_url":"https:\/\/greenkeeperafrica.com\/en\/entreprise\/a-la-decouverte-du-gksorb\/","og_site_name":"Green Keeper Africa","article_modified_time":"2021-11-19T15:11:02+00:00","og_image":[{"width":1213,"height":352,"url":"https:\/\/greenkeeperafrica.com\/wp-content\/uploads\/2020\/09\/GK-sorb_new-e1599076398628.jpg","type":"image\/jpeg"}],"twitter_misc":{"Est. reading time":"3 minutes"},"schema":{"@context":"https:\/\/schema.org","@graph":[{"@type":"WebPage","@id":"https:\/\/greenkeeperafrica.com\/en\/entreprise\/a-la-decouverte-du-gksorb\/","url":"https:\/\/greenkeeperafrica.com\/en\/entreprise\/a-la-decouverte-du-gksorb\/","name":"Discovering GK-SORB","isPartOf":{"@id":"https:\/\/greenkeeperafrica.com\/#website"},"primaryImageOfPage":{"@id":"https:\/\/greenkeeperafrica.com\/en\/entreprise\/a-la-decouverte-du-gksorb\/#primaryimage"},"image":{"@id":"https:\/\/greenkeeperafrica.com\/en\/entreprise\/a-la-decouverte-du-gksorb\/#primaryimage"},"thumbnailUrl":"https:\/\/greenkeeperafrica.com\/wp-content\/uploads\/2020\/09\/GK-sorb_new-e1599076398628.jpg","datePublished":"2020-05-17T15:36:47+00:00","dateModified":"2021-11-19T15:11:02+00:00","breadcrumb":{"@id":"https:\/\/greenkeeperafrica.com\/en\/entreprise\/a-la-decouverte-du-gksorb\/#breadcrumb"},"inLanguage":"en-US","potentialAction":[{"@type":"ReadAction","target":["https:\/\/greenkeeperafrica.com\/en\/entreprise\/a-la-decouverte-du-gksorb\/"]}]},{"@type":"ImageObject","inLanguage":"en-US","@id":"https:\/\/greenkeeperafrica.com\/en\/entreprise\/a-la-decouverte-du-gksorb\/#primaryimage","url":"https:\/\/greenkeeperafrica.com\/wp-content\/uploads\/2020\/09\/GK-sorb_new-e1599076398628.jpg","contentUrl":"https:\/\/greenkeeperafrica.com\/wp-content\/uploads\/2020\/09\/GK-sorb_new-e1599076398628.jpg","width":1213,"height":352,"caption":"GK-sorb_new"},{"@type":"BreadcrumbList","@id":"https:\/\/greenkeeperafrica.com\/en\/entreprise\/a-la-decouverte-du-gksorb\/#breadcrumb","itemListElement":[{"@type":"ListItem","position":1,"name":"Accueil","item":"https:\/\/greenkeeperafrica.com\/"},{"@type":"ListItem","position":2,"name":"The company","item":"https:\/\/greenkeeperafrica.com\/en\/entreprise\/"},{"@type":"ListItem","position":3,"name":"Discovering GK-SORB"}]},{"@type":"WebSite","@id":"https:\/\/greenkeeperafrica.com\/#website","url":"https:\/\/greenkeeperafrica.com\/","name":"Green Keeper Africa","description":"Des solutions Eco-responsables","publisher":{"@id":"https:\/\/greenkeeperafrica.com\/#organization"},"inLanguage":"en-US"},{"@type":"Organization","@id":"https:\/\/greenkeeperafrica.com\/#organization","name":"Green Keeper Africa","url":"https:\/\/greenkeeperafrica.com\/","logo":{"@type":"ImageObject","inLanguage":"en-US","@id":"https:\/\/greenkeeperafrica.com\/#\/schema\/logo\/image\/","url":"https:\/\/greenkeeperafrica.com\/wp-content\/uploads\/2020\/05\/logo.svg","contentUrl":"https:\/\/greenkeeperafrica.com\/wp-content\/uploads\/2020\/05\/logo.svg","width":70,"height":38,"caption":"Green Keeper Africa"},"image":{"@id":"https:\/\/greenkeeperafrica.com\/#\/schema\/logo\/image\/"}}]}},"_links":{"self":[{"href":"https:\/\/greenkeeperafrica.com\/en\/wp-json\/wp\/v2\/pages\/208","targetHints":{"allow":["GET"]}}],"collection":[{"href":"https:\/\/greenkeeperafrica.com\/en\/wp-json\/wp\/v2\/pages"}],"about":[{"href":"https:\/\/greenkeeperafrica.com\/en\/wp-json\/wp\/v2\/types\/page"}],"author":[{"embeddable":true,"href":"https:\/\/greenkeeperafrica.com\/en\/wp-json\/wp\/v2\/users\/1"}],"replies":[{"embeddable":true,"href":"https:\/\/greenkeeperafrica.com\/en\/wp-json\/wp\/v2\/comments?post=208"}],"version-history":[{"count":18,"href":"https:\/\/greenkeeperafrica.com\/en\/wp-json\/wp\/v2\/pages\/208\/revisions"}],"predecessor-version":[{"id":1677,"href":"https:\/\/greenkeeperafrica.com\/en\/wp-json\/wp\/v2\/pages\/208\/revisions\/1677"}],"up":[{"embeddable":true,"href":"https:\/\/greenkeeperafrica.com\/en\/wp-json\/wp\/v2\/pages\/199"}],"wp:featuredmedia":[{"embeddable":true,"href":"https:\/\/greenkeeperafrica.com\/en\/wp-json\/wp\/v2\/media\/1084"}],"wp:attachment":[{"href":"https:\/\/greenkeeperafrica.com\/en\/wp-json\/wp\/v2\/media?parent=208"}],"curies":[{"name":"wp","href":"https:\/\/api.w.org\/{rel}","templated":true}]}}